{"id":2078,"date":"2025-12-28T12:17:03","date_gmt":"2025-12-28T10:17:03","guid":{"rendered":"https:\/\/hoods.fi\/?page_id=2078"},"modified":"2026-02-23T11:20:23","modified_gmt":"2026-02-23T09:20:23","slug":"info","status":"publish","type":"page","link":"https:\/\/hoods.fi\/fi\/info\/","title":{"rendered":"Tietoa palvelusta"},"content":{"rendered":"\t\t<div data-elementor-type=\"wp-page\" data-elementor-id=\"2078\" class=\"elementor elementor-2078\" data-elementor-post-type=\"page\">\n\t\t\t\t<div class=\"elementor-element elementor-element-2d39e44 e-grid e-con-boxed e-con e-parent\" data-id=\"2d39e44\" data-element_type=\"container\" data-e-type=\"container\" data-settings=\"{&quot;background_background&quot;:&quot;classic&quot;}\">\n\t\t\t\t\t<div class=\"e-con-inner\">\n\t\t<div class=\"elementor-element elementor-element-a667af9 e-con-full e-flex e-con e-child\" data-id=\"a667af9\" data-element_type=\"container\" data-e-type=\"container\">\n\t\t\t\t<div class=\"elementor-element elementor-element-b9f74f5 elementor-widget elementor-widget-heading\" data-id=\"b9f74f5\" data-element_type=\"widget\" data-e-type=\"widget\" data-widget_type=\"heading.default\">\n\t\t\t\t\t<div class=\"elementor-heading-title elementor-size-default\">Tietoa palvelusta<\/div>\t\t\t\t<\/div>\n\t\t\t\t<div class=\"elementor-element elementor-element-1485d16 elementor-nav-menu__align-start elementor-nav-menu--dropdown-mobile elementor-nav-menu--stretch elementor-nav-menu__text-align-aside elementor-nav-menu--toggle elementor-nav-menu--burger elementor-widget elementor-widget-nav-menu\" data-id=\"1485d16\" data-element_type=\"widget\" data-e-type=\"widget\" data-settings=\"{&quot;layout&quot;:&quot;vertical&quot;,&quot;submenu_icon&quot;:{&quot;value&quot;:&quot;&lt;i aria-hidden=\\&quot;true\\&quot; class=\\&quot;\\&quot;&gt;&lt;\\\/i&gt;&quot;,&quot;library&quot;:&quot;&quot;},&quot;full_width&quot;:&quot;stretch&quot;,&quot;toggle&quot;:&quot;burger&quot;}\" data-widget_type=\"nav-menu.default\">\n\t\t\t\t\t\t\t\t<nav aria-label=\"Menu\" class=\"elementor-nav-menu--main elementor-nav-menu__container elementor-nav-menu--layout-vertical e--pointer-none\">\n\t\t\t\t<ul id=\"menu-1-1485d16\" class=\"elementor-nav-menu sm-vertical\"><li class=\"menu-item menu-item-type-post_type menu-item-object-page menu-item-2154\"><a href=\"https:\/\/hoods.fi\/fi\/info\/feedback\/\" class=\"elementor-item\">Ota yhteytt\u00e4<\/a><\/li>\n<li class=\"menu-item menu-item-type-post_type menu-item-object-page menu-item-2120\"><a href=\"https:\/\/hoods.fi\/fi\/info\/licenses\/\" class=\"elementor-item\">Tietol\u00e4hteet ja lisenssit<\/a><\/li>\n<li class=\"menu-item menu-item-type-post_type menu-item-object-page menu-item-privacy-policy menu-item-2091\"><a rel=\"privacy-policy\" href=\"https:\/\/hoods.fi\/fi\/info\/policy\/\" class=\"elementor-item\">Tietosuojaseloste<\/a><\/li>\n<li class=\"menu-item menu-item-type-post_type menu-item-object-page menu-item-4101\"><a href=\"https:\/\/hoods.fi\/fi\/info\/cookies\/\" class=\"elementor-item\">Ev\u00e4steseloste<\/a><\/li>\n<li class=\"menu-item menu-item-type-post_type menu-item-object-page menu-item-2121\"><a href=\"https:\/\/hoods.fi\/fi\/info\/accessibility\/\" class=\"elementor-item\">Saavutettavuusseloste<\/a><\/li>\n<\/ul>\t\t\t<\/nav>\n\t\t\t\t\t<div class=\"elementor-menu-toggle\" role=\"button\" tabindex=\"0\" aria-label=\"Menu Toggle\" aria-expanded=\"false\">\n\t\t\t<svg aria-hidden=\"true\" role=\"presentation\" class=\"elementor-menu-toggle__icon--open e-font-icon-svg e-eicon-menu-bar\" viewBox=\"0 0 1000 1000\" xmlns=\"http:\/\/www.w3.org\/2000\/svg\"><path d=\"M104 333H896C929 333 958 304 958 271S929 208 896 208H104C71 208 42 237 42 271S71 333 104 333ZM104 583H896C929 583 958 554 958 521S929 458 896 458H104C71 458 42 487 42 521S71 583 104 583ZM104 833H896C929 833 958 804 958 771S929 708 896 708H104C71 708 42 737 42 771S71 833 104 833Z\"><\/path><\/svg><svg aria-hidden=\"true\" role=\"presentation\" class=\"elementor-menu-toggle__icon--close e-font-icon-svg e-eicon-close\" viewBox=\"0 0 1000 1000\" xmlns=\"http:\/\/www.w3.org\/2000\/svg\"><path d=\"M742 167L500 408 258 167C246 154 233 150 217 150 196 150 179 158 167 167 154 179 150 196 150 212 150 229 154 242 171 254L408 500 167 742C138 771 138 800 167 829 196 858 225 858 254 829L496 587 738 829C750 842 767 846 783 846 800 846 817 842 829 829 842 817 846 804 846 783 846 767 842 750 829 737L588 500 833 258C863 229 863 200 833 171 804 137 775 137 742 167Z\"><\/path><\/svg>\t\t<\/div>\n\t\t\t\t\t<nav class=\"elementor-nav-menu--dropdown elementor-nav-menu__container\" aria-hidden=\"true\">\n\t\t\t\t<ul id=\"menu-2-1485d16\" class=\"elementor-nav-menu sm-vertical\"><li class=\"menu-item menu-item-type-post_type menu-item-object-page menu-item-2154\"><a href=\"https:\/\/hoods.fi\/fi\/info\/feedback\/\" class=\"elementor-item\" tabindex=\"-1\">Ota yhteytt\u00e4<\/a><\/li>\n<li class=\"menu-item menu-item-type-post_type menu-item-object-page menu-item-2120\"><a href=\"https:\/\/hoods.fi\/fi\/info\/licenses\/\" class=\"elementor-item\" tabindex=\"-1\">Tietol\u00e4hteet ja lisenssit<\/a><\/li>\n<li class=\"menu-item menu-item-type-post_type menu-item-object-page menu-item-privacy-policy menu-item-2091\"><a rel=\"privacy-policy\" href=\"https:\/\/hoods.fi\/fi\/info\/policy\/\" class=\"elementor-item\" tabindex=\"-1\">Tietosuojaseloste<\/a><\/li>\n<li class=\"menu-item menu-item-type-post_type menu-item-object-page menu-item-4101\"><a href=\"https:\/\/hoods.fi\/fi\/info\/cookies\/\" class=\"elementor-item\" tabindex=\"-1\">Ev\u00e4steseloste<\/a><\/li>\n<li class=\"menu-item menu-item-type-post_type menu-item-object-page menu-item-2121\"><a href=\"https:\/\/hoods.fi\/fi\/info\/accessibility\/\" class=\"elementor-item\" tabindex=\"-1\">Saavutettavuusseloste<\/a><\/li>\n<\/ul>\t\t\t<\/nav>\n\t\t\t\t\t\t<\/div>\n\t\t\t\t<\/div>\n\t\t<div class=\"elementor-element elementor-element-72c0bb7 e-con-full e-flex e-con e-child\" data-id=\"72c0bb7\" data-element_type=\"container\" data-e-type=\"container\">\n\t\t\t\t<div class=\"elementor-element elementor-element-0655a54 elementor-widget elementor-widget-heading\" data-id=\"0655a54\" data-element_type=\"widget\" data-e-type=\"widget\" data-widget_type=\"heading.default\">\n\t\t\t\t\t<h1 class=\"elementor-heading-title elementor-size-default\">Mik\u00e4 on Hoods.fi?<\/h1>\t\t\t\t<\/div>\n\t\t\t\t<div class=\"elementor-element elementor-element-15416dd elementor-widget elementor-widget-text-editor\" data-id=\"15416dd\" data-element_type=\"widget\" data-e-type=\"widget\" data-widget_type=\"text-editor.default\">\n\t\t\t\t\t\t\t\t\t<p><strong>Hoods.fi<\/strong> on kuntamarkkinointialusta, josta l\u00f6yd\u00e4t parhaat paikata asua, el\u00e4\u00e4, harrastaa ja vierailla. Palvelu kokoaa yhteen Varsinais-Suomen ja Satakunnan kunnat ja kaupungit. Palvelu on k\u00e4ytt\u00e4jille maksuton<\/p><p><strong>Blogista<\/strong> l\u00f6yd\u00e4t vinkkej\u00e4 eri aktiviteetteihin ja asuinpaikkoihin. <strong>Karttapalvelussa<\/strong> voit etsi\u00e4 paikallisia palveluita tai tutustua mielenkiintoisiin reitteihin ja teemakarttoihin. <strong>Kunnat<\/strong>-osiossa voit tutustua mielenkiintoisiin kuntiin ja niiden asuinalueisiin. <strong>Arvostelut<\/strong>-sivulla taas p\u00e4\u00e4set lukemaan asukkaiden arvosteluja omista asuinpaikoistaan ja voit j\u00e4tt\u00e4\u00e4 oman arviosi.<\/p><p>Hoods.fi on alun perin lanseerattu nimell\u00e4 Know Your Hoods kes\u00e4ll\u00e4 2019. Helmikuussa 2026 palvelu koki merkitt\u00e4v\u00e4n uudistuksen ja siirryimme k\u00e4ytt\u00e4m\u00e4\u00e4n nime\u00e4 Hoods.fi.<\/p><h2>Haluatko mukaan Hoods.fi-alustalle?<\/h2><p>Otamme palveluun mukaan kaikki halukkaat kunnat Varsinais-Suomesta ja Satakunnasta.<\/p><p>Teemme my\u00f6s mielell\u00e4mme yhteisty\u00f6t\u00e4 paikallisten yhdistysten ja yritysten kanssa, jotka voivat hy\u00f6ty\u00e4 alustamme n\u00e4kyvyydest\u00e4.<\/p><p>Ota yhteytt\u00e4 yhteydenottolomakkeen kautta tai l\u00e4hett\u00e4m\u00e4ll\u00e4 viesti osoitteeseen info(a)hoods.fi<\/p><h2>Kuka Hoods.fi:n tuottaa?<\/h2><p>Palvelun tuottaa turkulainen yritys CYF Digital Sevices Oy, jolle on my\u00f6nnetty Suomalainen ty\u00f6 ry:n Yhteiskunnallinen yritys -status.<\/p><p>Palvelun sis\u00e4ll\u00f6t tuotetaan yhteisty\u00f6ss\u00e4 mukana olevien kuntien kanssa. Lis\u00e4ksi sis\u00e4lt\u00f6j\u00e4 voidaan tehd\u00e4 my\u00f6s yhteisty\u00f6ss\u00e4 valikoitujen yhdistysten ja yritysten kanssa.<\/p>\t\t\t\t\t\t\t\t<\/div>\n\t\t\t\t<\/div>\n\t\t\t\t\t<\/div>\n\t\t\t\t<\/div>\n\t\t\t\t<\/div>\n\t\t","protected":false},"excerpt":{"rendered":"<p>Tietoa palvelusta Mik\u00e4 on Hoods.fi? Hoods.fi on kuntamarkkinointialusta, josta l\u00f6yd\u00e4t parhaat paikata asua, el\u00e4\u00e4, harrastaa ja vierailla. Palvelu kokoaa yhteen Varsinais-Suomen ja Satakunnan kunnat ja kaupungit. Palvelu on k\u00e4ytt\u00e4jille maksuton Blogista l\u00f6yd\u00e4t vinkkej\u00e4 eri aktiviteetteihin ja asuinpaikkoihin. Karttapalvelussa voit etsi\u00e4 paikallisia palveluita tai tutustua mielenkiintoisiin reitteihin ja teemakarttoihin. Kunnat-osiossa voit tutustua mielenkiintoisiin kuntiin ja niiden [&hellip;]<\/p>\n","protected":false},"author":1,"featured_media":3886,"parent":0,"menu_order":0,"comment_status":"closed","ping_status":"closed","template":"elementor_header_footer","meta":{"_acf_changed":false,"_glsr_average":0,"_glsr_ranking":0,"_glsr_reviews":0,"footnotes":""},"class_list":["post-2078","page","type-page","status-publish","has-post-thumbnail","hentry"],"acf":[],"yoast_head":"<!-- This site is optimized with the Yoast SEO plugin v27.3 - https:\/\/yoast.com\/product\/yoast-seo-wordpress\/ -->\n<title>Tietoa palvelusta - Hoods.fi<\/title>\n<meta name=\"description\" content=\"Hoods.fi on kuntamarkkinointialusta, josta l\u00f6yd\u00e4t parhaat paikata asua, el\u00e4\u00e4, harrastaa ja vierailla Lounais-Suomessa.\" \/>\n<meta name=\"robots\" content=\"index, follow, max-snippet:-1, max-image-preview:large, max-video-preview:-1\" \/>\n<link rel=\"canonical\" href=\"https:\/\/hoods.fi\/fi\/info\/\" \/>\n<meta property=\"og:locale\" content=\"fi_FI\" \/>\n<meta property=\"og:type\" content=\"article\" \/>\n<meta property=\"og:title\" content=\"L\u00f6yd\u00e4 paras paikka asua - Hoods.fi\" \/>\n<meta property=\"og:description\" content=\"Hoods.fi on kuntamarkkinointialusta, josta l\u00f6yd\u00e4t parhaat paikata asua, el\u00e4\u00e4, harrastaa ja vierailla Lounais-Suomessa.\" \/>\n<meta property=\"og:url\" content=\"https:\/\/hoods.fi\/fi\/info\/\" \/>\n<meta property=\"og:site_name\" content=\"Hoods.fi\" \/>\n<meta property=\"article:modified_time\" content=\"2026-02-23T09:20:23+00:00\" \/>\n<meta property=\"og:image\" content=\"https:\/\/hoods.fi\/wp-content\/uploads\/2026\/02\/eura_kauttua_ruukinpuisto_yleiskuva_kesa2021_knowyourhoods-kopio-7.jpg\" \/>\n\t<meta property=\"og:image:width\" content=\"2500\" \/>\n\t<meta property=\"og:image:height\" content=\"1491\" \/>\n\t<meta property=\"og:image:type\" content=\"image\/jpeg\" \/>\n<meta name=\"twitter:card\" content=\"summary_large_image\" \/>\n<meta name=\"twitter:title\" content=\"L\u00f6yd\u00e4 paras paikka asua - Hoods.fi\" \/>\n<meta name=\"twitter:description\" content=\"Hoods.fi on kuntamarkkinointialusta, josta l\u00f6yd\u00e4t parhaat paikata asua, el\u00e4\u00e4, harrastaa ja vierailla Lounais-Suomessa.\" \/>\n<meta name=\"twitter:image\" content=\"https:\/\/hoods.fi\/wp-content\/uploads\/2026\/02\/eura_kauttua_ruukinpuisto_yleiskuva_kesa2021_knowyourhoods-kopio-7.jpg\" \/>\n<meta name=\"twitter:label1\" content=\"Arvioitu lukuaika\" \/>\n\t<meta name=\"twitter:data1\" content=\"2 minuuttia\" \/>\n<script type=\"application\/ld+json\" class=\"yoast-schema-graph\">{\"@context\":\"https:\\\/\\\/schema.org\",\"@graph\":[{\"@type\":\"WebPage\",\"@id\":\"https:\\\/\\\/hoods.fi\\\/fi\\\/info\\\/\",\"url\":\"https:\\\/\\\/hoods.fi\\\/fi\\\/info\\\/\",\"name\":\"Tietoa palvelusta - Hoods.fi\",\"isPartOf\":{\"@id\":\"https:\\\/\\\/hoods.fi\\\/fi\\\/#website\"},\"primaryImageOfPage\":{\"@id\":\"https:\\\/\\\/hoods.fi\\\/fi\\\/info\\\/#primaryimage\"},\"image\":{\"@id\":\"https:\\\/\\\/hoods.fi\\\/fi\\\/info\\\/#primaryimage\"},\"thumbnailUrl\":\"https:\\\/\\\/hoods.fi\\\/wp-content\\\/uploads\\\/2026\\\/02\\\/eura_kauttua_ruukinpuisto_yleiskuva_kesa2021_knowyourhoods-kopio-7.jpg\",\"datePublished\":\"2025-12-28T10:17:03+00:00\",\"dateModified\":\"2026-02-23T09:20:23+00:00\",\"description\":\"Hoods.fi on kuntamarkkinointialusta, josta l\u00f6yd\u00e4t parhaat paikata asua, el\u00e4\u00e4, harrastaa ja vierailla Lounais-Suomessa.\",\"breadcrumb\":{\"@id\":\"https:\\\/\\\/hoods.fi\\\/fi\\\/info\\\/#breadcrumb\"},\"inLanguage\":\"fi\",\"potentialAction\":[{\"@type\":\"ReadAction\",\"target\":[\"https:\\\/\\\/hoods.fi\\\/fi\\\/info\\\/\"]}]},{\"@type\":\"ImageObject\",\"inLanguage\":\"fi\",\"@id\":\"https:\\\/\\\/hoods.fi\\\/fi\\\/info\\\/#primaryimage\",\"url\":\"https:\\\/\\\/hoods.fi\\\/wp-content\\\/uploads\\\/2026\\\/02\\\/eura_kauttua_ruukinpuisto_yleiskuva_kesa2021_knowyourhoods-kopio-7.jpg\",\"contentUrl\":\"https:\\\/\\\/hoods.fi\\\/wp-content\\\/uploads\\\/2026\\\/02\\\/eura_kauttua_ruukinpuisto_yleiskuva_kesa2021_knowyourhoods-kopio-7.jpg\",\"width\":2500,\"height\":1491,\"caption\":\"Kauttuan Ruukinpuiston punaisia puurakennuksia kes\u00e4p\u00e4iv\u00e4n\u00e4.\"},{\"@type\":\"BreadcrumbList\",\"@id\":\"https:\\\/\\\/hoods.fi\\\/fi\\\/info\\\/#breadcrumb\",\"itemListElement\":[{\"@type\":\"ListItem\",\"position\":1,\"name\":\"Etusivu\",\"item\":\"https:\\\/\\\/hoods.fi\\\/fi\\\/\"},{\"@type\":\"ListItem\",\"position\":2,\"name\":\"Tietoa palvelusta\"}]},{\"@type\":\"WebSite\",\"@id\":\"https:\\\/\\\/hoods.fi\\\/fi\\\/#website\",\"url\":\"https:\\\/\\\/hoods.fi\\\/fi\\\/\",\"name\":\"Hoods.fi\",\"description\":\"El&auml;m&auml;&auml; naapurustoissa\",\"publisher\":{\"@id\":\"https:\\\/\\\/hoods.fi\\\/fi\\\/#organization\"},\"potentialAction\":[{\"@type\":\"SearchAction\",\"target\":{\"@type\":\"EntryPoint\",\"urlTemplate\":\"https:\\\/\\\/hoods.fi\\\/fi\\\/?s={search_term_string}\"},\"query-input\":{\"@type\":\"PropertyValueSpecification\",\"valueRequired\":true,\"valueName\":\"search_term_string\"}}],\"inLanguage\":\"fi\"},{\"@type\":\"Organization\",\"@id\":\"https:\\\/\\\/hoods.fi\\\/fi\\\/#organization\",\"name\":\"Hoods.fi\",\"url\":\"https:\\\/\\\/hoods.fi\\\/fi\\\/\",\"logo\":{\"@type\":\"ImageObject\",\"inLanguage\":\"fi\",\"@id\":\"https:\\\/\\\/hoods.fi\\\/fi\\\/#\\\/schema\\\/logo\\\/image\\\/\",\"url\":\"https:\\\/\\\/hoods.fi\\\/wp-content\\\/uploads\\\/2025\\\/11\\\/hoods-uusi-logo.png\",\"contentUrl\":\"https:\\\/\\\/hoods.fi\\\/wp-content\\\/uploads\\\/2025\\\/11\\\/hoods-uusi-logo.png\",\"width\":500,\"height\":250,\"caption\":\"Hoods.fi\"},\"image\":{\"@id\":\"https:\\\/\\\/hoods.fi\\\/fi\\\/#\\\/schema\\\/logo\\\/image\\\/\"}}]}<\/script>\n<!-- \/ Yoast SEO plugin. -->","yoast_head_json":{"title":"Tietoa palvelusta - Hoods.fi","description":"Hoods.fi on kuntamarkkinointialusta, josta l\u00f6yd\u00e4t parhaat paikata asua, el\u00e4\u00e4, harrastaa ja vierailla Lounais-Suomessa.","robots":{"index":"index","follow":"follow","max-snippet":"max-snippet:-1","max-image-preview":"max-image-preview:large","max-video-preview":"max-video-preview:-1"},"canonical":"https:\/\/hoods.fi\/fi\/info\/","og_locale":"fi_FI","og_type":"article","og_title":"L\u00f6yd\u00e4 paras paikka asua - Hoods.fi","og_description":"Hoods.fi on kuntamarkkinointialusta, josta l\u00f6yd\u00e4t parhaat paikata asua, el\u00e4\u00e4, harrastaa ja vierailla Lounais-Suomessa.","og_url":"https:\/\/hoods.fi\/fi\/info\/","og_site_name":"Hoods.fi","article_modified_time":"2026-02-23T09:20:23+00:00","og_image":[{"width":2500,"height":1491,"url":"https:\/\/hoods.fi\/wp-content\/uploads\/2026\/02\/eura_kauttua_ruukinpuisto_yleiskuva_kesa2021_knowyourhoods-kopio-7.jpg","type":"image\/jpeg"}],"twitter_card":"summary_large_image","twitter_title":"L\u00f6yd\u00e4 paras paikka asua - Hoods.fi","twitter_description":"Hoods.fi on kuntamarkkinointialusta, josta l\u00f6yd\u00e4t parhaat paikata asua, el\u00e4\u00e4, harrastaa ja vierailla Lounais-Suomessa.","twitter_image":"https:\/\/hoods.fi\/wp-content\/uploads\/2026\/02\/eura_kauttua_ruukinpuisto_yleiskuva_kesa2021_knowyourhoods-kopio-7.jpg","twitter_misc":{"Arvioitu lukuaika":"2 minuuttia"},"schema":{"@context":"https:\/\/schema.org","@graph":[{"@type":"WebPage","@id":"https:\/\/hoods.fi\/fi\/info\/","url":"https:\/\/hoods.fi\/fi\/info\/","name":"Tietoa palvelusta - Hoods.fi","isPartOf":{"@id":"https:\/\/hoods.fi\/fi\/#website"},"primaryImageOfPage":{"@id":"https:\/\/hoods.fi\/fi\/info\/#primaryimage"},"image":{"@id":"https:\/\/hoods.fi\/fi\/info\/#primaryimage"},"thumbnailUrl":"https:\/\/hoods.fi\/wp-content\/uploads\/2026\/02\/eura_kauttua_ruukinpuisto_yleiskuva_kesa2021_knowyourhoods-kopio-7.jpg","datePublished":"2025-12-28T10:17:03+00:00","dateModified":"2026-02-23T09:20:23+00:00","description":"Hoods.fi on kuntamarkkinointialusta, josta l\u00f6yd\u00e4t parhaat paikata asua, el\u00e4\u00e4, harrastaa ja vierailla Lounais-Suomessa.","breadcrumb":{"@id":"https:\/\/hoods.fi\/fi\/info\/#breadcrumb"},"inLanguage":"fi","potentialAction":[{"@type":"ReadAction","target":["https:\/\/hoods.fi\/fi\/info\/"]}]},{"@type":"ImageObject","inLanguage":"fi","@id":"https:\/\/hoods.fi\/fi\/info\/#primaryimage","url":"https:\/\/hoods.fi\/wp-content\/uploads\/2026\/02\/eura_kauttua_ruukinpuisto_yleiskuva_kesa2021_knowyourhoods-kopio-7.jpg","contentUrl":"https:\/\/hoods.fi\/wp-content\/uploads\/2026\/02\/eura_kauttua_ruukinpuisto_yleiskuva_kesa2021_knowyourhoods-kopio-7.jpg","width":2500,"height":1491,"caption":"Kauttuan Ruukinpuiston punaisia puurakennuksia kes\u00e4p\u00e4iv\u00e4n\u00e4."},{"@type":"BreadcrumbList","@id":"https:\/\/hoods.fi\/fi\/info\/#breadcrumb","itemListElement":[{"@type":"ListItem","position":1,"name":"Etusivu","item":"https:\/\/hoods.fi\/fi\/"},{"@type":"ListItem","position":2,"name":"Tietoa palvelusta"}]},{"@type":"WebSite","@id":"https:\/\/hoods.fi\/fi\/#website","url":"https:\/\/hoods.fi\/fi\/","name":"Hoods.fi","description":"El&auml;m&auml;&auml; naapurustoissa","publisher":{"@id":"https:\/\/hoods.fi\/fi\/#organization"},"potentialAction":[{"@type":"SearchAction","target":{"@type":"EntryPoint","urlTemplate":"https:\/\/hoods.fi\/fi\/?s={search_term_string}"},"query-input":{"@type":"PropertyValueSpecification","valueRequired":true,"valueName":"search_term_string"}}],"inLanguage":"fi"},{"@type":"Organization","@id":"https:\/\/hoods.fi\/fi\/#organization","name":"Hoods.fi","url":"https:\/\/hoods.fi\/fi\/","logo":{"@type":"ImageObject","inLanguage":"fi","@id":"https:\/\/hoods.fi\/fi\/#\/schema\/logo\/image\/","url":"https:\/\/hoods.fi\/wp-content\/uploads\/2025\/11\/hoods-uusi-logo.png","contentUrl":"https:\/\/hoods.fi\/wp-content\/uploads\/2025\/11\/hoods-uusi-logo.png","width":500,"height":250,"caption":"Hoods.fi"},"image":{"@id":"https:\/\/hoods.fi\/fi\/#\/schema\/logo\/image\/"}}]}},"yoast_meta":{"yoast_wpseo_title":"","yoast_wpseo_metadesc":"","yoast_wpseo_canonical":""},"_links":{"self":[{"href":"https:\/\/hoods.fi\/fi\/wp-json\/wp\/v2\/pages\/2078","targetHints":{"allow":["GET"]}}],"collection":[{"href":"https:\/\/hoods.fi\/fi\/wp-json\/wp\/v2\/pages"}],"about":[{"href":"https:\/\/hoods.fi\/fi\/wp-json\/wp\/v2\/types\/page"}],"author":[{"embeddable":true,"href":"https:\/\/hoods.fi\/fi\/wp-json\/wp\/v2\/users\/1"}],"replies":[{"embeddable":true,"href":"https:\/\/hoods.fi\/fi\/wp-json\/wp\/v2\/comments?post=2078"}],"version-history":[{"count":39,"href":"https:\/\/hoods.fi\/fi\/wp-json\/wp\/v2\/pages\/2078\/revisions"}],"predecessor-version":[{"id":6224,"href":"https:\/\/hoods.fi\/fi\/wp-json\/wp\/v2\/pages\/2078\/revisions\/6224"}],"wp:featuredmedia":[{"embeddable":true,"href":"https:\/\/hoods.fi\/fi\/wp-json\/wp\/v2\/media\/3886"}],"wp:attachment":[{"href":"https:\/\/hoods.fi\/fi\/wp-json\/wp\/v2\/media?parent=2078"}],"curies":[{"name":"wp","href":"https:\/\/api.w.org\/{rel}","templated":true}]}}