{"id":2086,"date":"2025-12-28T12:31:27","date_gmt":"2025-12-28T10:31:27","guid":{"rendered":"https:\/\/hoods.fi\/?page_id=2086"},"modified":"2026-02-15T12:58:01","modified_gmt":"2026-02-15T10:58:01","slug":"policy","status":"publish","type":"page","link":"https:\/\/hoods.fi\/fi\/info\/policy\/","title":{"rendered":"Tietosuojaseloste"},"content":{"rendered":"\t\t<div data-elementor-type=\"wp-page\" data-elementor-id=\"2086\" class=\"elementor elementor-2086\" data-elementor-post-type=\"page\">\n\t\t\t\t<div class=\"elementor-element elementor-element-2d39e44 e-grid e-con-boxed e-con e-parent\" data-id=\"2d39e44\" data-element_type=\"container\" data-e-type=\"container\" data-settings=\"{&quot;background_background&quot;:&quot;classic&quot;}\">\n\t\t\t\t\t<div class=\"e-con-inner\">\n\t\t<div class=\"elementor-element elementor-element-a667af9 e-con-full e-flex e-con e-child\" data-id=\"a667af9\" data-element_type=\"container\" data-e-type=\"container\">\n\t\t\t\t<div class=\"elementor-element elementor-element-b9f74f5 elementor-widget elementor-widget-heading\" data-id=\"b9f74f5\" data-element_type=\"widget\" data-e-type=\"widget\" data-widget_type=\"heading.default\">\n\t\t\t\t\t<div class=\"elementor-heading-title elementor-size-default\">Tietoa palvelusta<\/div>\t\t\t\t<\/div>\n\t\t\t\t<div class=\"elementor-element elementor-element-6c15c86 elementor-nav-menu__align-start elementor-nav-menu--dropdown-mobile elementor-nav-menu--stretch elementor-nav-menu__text-align-aside elementor-nav-menu--toggle elementor-nav-menu--burger elementor-widget elementor-widget-nav-menu\" data-id=\"6c15c86\" data-element_type=\"widget\" data-e-type=\"widget\" data-settings=\"{&quot;layout&quot;:&quot;vertical&quot;,&quot;submenu_icon&quot;:{&quot;value&quot;:&quot;&lt;i aria-hidden=\\&quot;true\\&quot; class=\\&quot;\\&quot;&gt;&lt;\\\/i&gt;&quot;,&quot;library&quot;:&quot;&quot;},&quot;full_width&quot;:&quot;stretch&quot;,&quot;toggle&quot;:&quot;burger&quot;}\" data-widget_type=\"nav-menu.default\">\n\t\t\t\t\t\t\t\t<nav aria-label=\"Menu\" class=\"elementor-nav-menu--main elementor-nav-menu__container elementor-nav-menu--layout-vertical e--pointer-none\">\n\t\t\t\t<ul id=\"menu-1-6c15c86\" class=\"elementor-nav-menu sm-vertical\"><li class=\"menu-item menu-item-type-post_type menu-item-object-page menu-item-2154\"><a href=\"https:\/\/hoods.fi\/fi\/info\/feedback\/\" class=\"elementor-item\">Ota yhteytt\u00e4<\/a><\/li>\n<li class=\"menu-item menu-item-type-post_type menu-item-object-page menu-item-2120\"><a href=\"https:\/\/hoods.fi\/fi\/info\/licenses\/\" class=\"elementor-item\">Tietol\u00e4hteet ja lisenssit<\/a><\/li>\n<li class=\"menu-item menu-item-type-post_type menu-item-object-page menu-item-privacy-policy menu-item-2091\"><a rel=\"privacy-policy\" href=\"https:\/\/hoods.fi\/fi\/info\/policy\/\" class=\"elementor-item\">Tietosuojaseloste<\/a><\/li>\n<li class=\"menu-item menu-item-type-post_type menu-item-object-page menu-item-4101\"><a href=\"https:\/\/hoods.fi\/fi\/info\/cookies\/\" class=\"elementor-item\">Ev\u00e4steseloste<\/a><\/li>\n<li class=\"menu-item menu-item-type-post_type menu-item-object-page menu-item-2121\"><a href=\"https:\/\/hoods.fi\/fi\/info\/accessibility\/\" class=\"elementor-item\">Saavutettavuusseloste<\/a><\/li>\n<\/ul>\t\t\t<\/nav>\n\t\t\t\t\t<div class=\"elementor-menu-toggle\" role=\"button\" tabindex=\"0\" aria-label=\"Menu Toggle\" aria-expanded=\"false\">\n\t\t\t<svg aria-hidden=\"true\" role=\"presentation\" class=\"elementor-menu-toggle__icon--open e-font-icon-svg e-eicon-menu-bar\" viewBox=\"0 0 1000 1000\" xmlns=\"http:\/\/www.w3.org\/2000\/svg\"><path d=\"M104 333H896C929 333 958 304 958 271S929 208 896 208H104C71 208 42 237 42 271S71 333 104 333ZM104 583H896C929 583 958 554 958 521S929 458 896 458H104C71 458 42 487 42 521S71 583 104 583ZM104 833H896C929 833 958 804 958 771S929 708 896 708H104C71 708 42 737 42 771S71 833 104 833Z\"><\/path><\/svg><svg aria-hidden=\"true\" role=\"presentation\" class=\"elementor-menu-toggle__icon--close e-font-icon-svg e-eicon-close\" viewBox=\"0 0 1000 1000\" xmlns=\"http:\/\/www.w3.org\/2000\/svg\"><path d=\"M742 167L500 408 258 167C246 154 233 150 217 150 196 150 179 158 167 167 154 179 150 196 150 212 150 229 154 242 171 254L408 500 167 742C138 771 138 800 167 829 196 858 225 858 254 829L496 587 738 829C750 842 767 846 783 846 800 846 817 842 829 829 842 817 846 804 846 783 846 767 842 750 829 737L588 500 833 258C863 229 863 200 833 171 804 137 775 137 742 167Z\"><\/path><\/svg>\t\t<\/div>\n\t\t\t\t\t<nav class=\"elementor-nav-menu--dropdown elementor-nav-menu__container\" aria-hidden=\"true\">\n\t\t\t\t<ul id=\"menu-2-6c15c86\" class=\"elementor-nav-menu sm-vertical\"><li class=\"menu-item menu-item-type-post_type menu-item-object-page menu-item-2154\"><a href=\"https:\/\/hoods.fi\/fi\/info\/feedback\/\" class=\"elementor-item\" tabindex=\"-1\">Ota yhteytt\u00e4<\/a><\/li>\n<li class=\"menu-item menu-item-type-post_type menu-item-object-page menu-item-2120\"><a href=\"https:\/\/hoods.fi\/fi\/info\/licenses\/\" class=\"elementor-item\" tabindex=\"-1\">Tietol\u00e4hteet ja lisenssit<\/a><\/li>\n<li class=\"menu-item menu-item-type-post_type menu-item-object-page menu-item-privacy-policy menu-item-2091\"><a rel=\"privacy-policy\" href=\"https:\/\/hoods.fi\/fi\/info\/policy\/\" class=\"elementor-item\" tabindex=\"-1\">Tietosuojaseloste<\/a><\/li>\n<li class=\"menu-item menu-item-type-post_type menu-item-object-page menu-item-4101\"><a href=\"https:\/\/hoods.fi\/fi\/info\/cookies\/\" class=\"elementor-item\" tabindex=\"-1\">Ev\u00e4steseloste<\/a><\/li>\n<li class=\"menu-item menu-item-type-post_type menu-item-object-page menu-item-2121\"><a href=\"https:\/\/hoods.fi\/fi\/info\/accessibility\/\" class=\"elementor-item\" tabindex=\"-1\">Saavutettavuusseloste<\/a><\/li>\n<\/ul>\t\t\t<\/nav>\n\t\t\t\t\t\t<\/div>\n\t\t\t\t<\/div>\n\t\t<div class=\"elementor-element elementor-element-72c0bb7 e-con-full e-flex e-con e-child\" data-id=\"72c0bb7\" data-element_type=\"container\" data-e-type=\"container\">\n\t\t\t\t<div class=\"elementor-element elementor-element-10599de elementor-widget elementor-widget-heading\" data-id=\"10599de\" data-element_type=\"widget\" data-e-type=\"widget\" data-widget_type=\"heading.default\">\n\t\t\t\t\t<h1 class=\"elementor-heading-title elementor-size-default\">Tietosuojaseloste<\/h1>\t\t\t\t<\/div>\n\t\t\t\t<div class=\"elementor-element elementor-element-15416dd elementor-widget elementor-widget-text-editor\" data-id=\"15416dd\" data-element_type=\"widget\" data-e-type=\"widget\" data-widget_type=\"text-editor.default\">\n\t\t\t\t\t\t\t\t\t<p>P\u00e4ivitetty: 15.2.2026<\/p><p>Hoods.fi -palvelua k\u00e4ytt\u00e4m\u00e4ll\u00e4 hyv\u00e4ksyt t\u00e4m\u00e4n tietosuojaselosteen. T\u00e4t\u00e4 tietosuojaselostetta voidaan p\u00e4ivitt\u00e4\u00e4 ajoittain ilman ennakkoilmoitusta. Kaikki muutokset tulevat voimaan heti. Ajantasaisen tietosuojaselosteen l\u00f6yd\u00e4t t\u00e4lt\u00e4 sivulta.<\/p><h2>1. Rekisterinpit\u00e4j\u00e4<\/h2><p>CYF Digital Services Oy<br \/>Pitk\u00e4m\u00e4enkatu 11 A<br \/>20250 Turku<br \/>Y-tunnus 2761064-2<br \/>info@cyf.fi<\/p><h2>2. Henkil\u00f6tietojen k\u00e4sittelyn oikeusperuste<\/h2><p>Rekister\u00f6idyn suostumus<\/p><h2>3. Henkil\u00f6tietojen k\u00e4sittelyn tarkoitus<\/h2><p>Hoods.fi -verkkopalvelussa ker\u00e4t\u00e4\u00e4n k\u00e4ytt\u00e4j\u00e4tietoja, jotta voimme tarkastella palvelun k\u00e4ytt\u00f6\u00e4 sek\u00e4 parantaa k\u00e4yt\u00f6n sujuvuutta ja k\u00e4ytt\u00e4j\u00e4kokemusta. K\u00e4ytt\u00e4j\u00e4\u00e4 ei voida tunnistaa pelkkien ev\u00e4steiden tai muiden tekniikoiden avulla. Ev\u00e4steista on kerrottu lis\u00e4\u00e4 kohdassa <b>5. Ev\u00e4steiden k\u00e4ytt\u00f6<\/b>.<\/p><p>Yhteystietoja kysyt\u00e4\u00e4n henkil\u00f6n j\u00e4tt\u00e4ess\u00e4 asuinpaikan arvostelun, kommentin blogiin, osallistuessa j\u00e4rjest\u00e4miimme kilpailuihin, l\u00e4hett\u00e4ess\u00e4 meille palautetta palautelomakkeen kautta, henkil\u00f6n tilatessa uutiskirjeen tai henkil\u00f6n osallistuessa palvelun kehitykseen liittyv\u00e4\u00e4n tutkimukseen.<\/p><p>Mik\u00e4li j\u00e4tetyt asuinalueen arvostelut rikkovat yleisi\u00e4 sopivuuss\u00e4\u00e4nt\u00f6j\u00e4 ja\/tai lakia, otamme yhteytt\u00e4 arvostelun yhteydess\u00e4 j\u00e4tettyyn s\u00e4hk\u00f6postiosoitteeseen ja tarvittaessa poistamme arvostelun.<\/p><p>Edell\u00e4 mainittujen toimintojen kohdalla ker\u00e4ttyj\u00e4 yksityisten henkil\u00f6iden yhteystietoja k\u00e4ytet\u00e4\u00e4n ainoastaan kuhunkin toimenpiteeseen liittyen. Tietoja ei luovuteta eteenp\u00e4in muille osapuolille, ellei asiasta erikseen mainita. Poikkeuksena voi olla esimerkiksi kilpailun palkinnon noutaminen palkinnon antajan toimipisteest\u00e4 henkil\u00f6n nimell\u00e4 tai muulla tunnisteella.<\/p><h2>4. Rekisterin tietosis\u00e4lt\u00f6 ja l\u00e4hteet<\/h2><p>Tallennamme kaikki tai osan seuraavista tiedoista, mik\u00e4li yksityishenkil\u00f6 on meihin yhteydess\u00e4 edell\u00e4 mainituilla tavoilla:<\/p><ul><li>etunimi, sukunimi<\/li><li>nimimerkki<\/li><li>s\u00e4hk\u00f6postiosoite<\/li><li>asuinkunta, jossa arvostelun j\u00e4tt\u00e4nyt henkil\u00f6 asuu<\/li><li>osoitetiedot arvontojen palkinnon lunastuksen yhteydess\u00e4<\/li><\/ul><p>Rekisterin l\u00e4hteen\u00e4 toimii aina henkil\u00f6 itse tai mahdollisesti h\u00e4nen valtuuttamansa henkil\u00f6 (esimerkiksi kilpailujen yhteydess\u00e4 alaik\u00e4isen henkil\u00f6n huoltaja voi toimittaa alaik\u00e4isen henkil\u00f6n tiedot).<\/p><h2>5. Ev\u00e4steiden k\u00e4ytt\u00f6<\/h2><p>Hoods.fi k\u00e4ytt\u00e4\u00e4 verkkopalvelussaan ev\u00e4steit\u00e4 (cookies), joiden k\u00e4yt\u00f6st\u00e4 kerrotaan tarkemmin <a href=\"https:\/\/hoods.fi\/fi\/info\/cookies\">ev\u00e4steselosteessa<\/a>.<\/p><h2>6. Henkil\u00f6kohtaisten tietojen s\u00e4ilytysaika ja tietojen poistaminen<\/h2><p>Yksitt\u00e4isten toimenpiteiden (esim. kilpailut) kautta ker\u00e4tyt henkil\u00f6tiedot s\u00e4ilytet\u00e4\u00e4n korkeintaan yhden vuoden ajan siit\u00e4, kun olet antanut meille tietosi. Asuinalueiden arvostelut, blogien kommentit ja uutiskirjeen tilaukset s\u00e4ilyt\u00e4mme toistaiseksi, ellei niiden poistoa erikseen pyydet\u00e4.<\/p><p>Tiedot s\u00e4ilytet\u00e4\u00e4n varmuuskopioissa 30 p\u00e4iv\u00e4n ajna, jonka j\u00e4lkeen ne poistuvat lopullisesti palvelusta. Tiedot tallennetaan varmuuskopioihin, jotta voimme varmistaa, ett\u00e4 tekniset h\u00e4iri\u00f6tilanteet aiheuttavat mahdollisimman v\u00e4h\u00e4n ongelmia\u00a0 Hoods.fi k\u00e4ytt\u00e4jille.<\/p><h2>7. Tietojen s\u00e4\u00e4nn\u00f6nmukaiset luovutukset<\/h2><p>Henkil\u00f6tiedot pysyv\u00e4t CYF Digital Services Oy:n ja partneriorganisaatioiden v\u00e4lill\u00e4, eik\u00e4 niit\u00e4 luovuteta kolmansille osapuolille. Tietoja voidaan k\u00e4ytt\u00e4\u00e4 analysointiin ja raportointiin sellaisessa muodossa, jonka perusteella yksitt\u00e4isi\u00e4 k\u00e4ytt\u00e4ji\u00e4 ei voida tunnistaa.<\/p><h2>8. Tietojen siirto EU:n ja ETA:n ulkopuolelle<\/h2><p>Henkil\u00f6tietoja ei siirret\u00e4 Euroopan Unionin tai Euroopan talousalueen ulkopuolelle.<\/p><h2>9. Rekisterin suojauksen periaatteet<\/h2><p>Tietoliikenneyhteys on SSL-suojattu. Pyrimme suojaamaan kaikki henkil\u00f6tiedot parhaamme mukaan, mutta emme voi taata aukotonta suojausta. Mahdollisen tietovuodon sattuessa otamme yhteytt\u00e4 viranomaisiin ja informoimme henkil\u00f6it\u00e4, joita tietovuoto koskee.<\/p><h2>10. Palvelun k\u00e4ytt\u00e4j\u00e4n oikeudet<\/h2><p>Palvelun k\u00e4ytt\u00e4j\u00e4n\u00e4 sinulla on oikeus pyyt\u00e4\u00e4 tietojen oikaisemista, k\u00e4sittelyn rajoittamista sek\u00e4 oikeus vastustaa henkil\u00f6tietojen k\u00e4sittely\u00e4, oikeus siirt\u00e4\u00e4 tiedot j\u00e4rjestelm\u00e4st\u00e4 toiseen, oikeus pyyt\u00e4\u00e4 tietojen poistamista ja oikeus tehd\u00e4 valitus Tietosuojavaltuutetulle.<\/p><p>Mik\u00e4li haluat tarkistaa, korjata tai poistaa rekisteriss\u00e4mme olevia itse\u00e4si koskevia tietoja, ota yhteytt\u00e4 yll\u00e4 mainitun s\u00e4hk\u00f6postiosoitteen kautta. Huomioithan, ett\u00e4 velvollisuutemme on tarkistaa henkil\u00f6llisyytesi ennen tietojen luovuttamista.<\/p>\t\t\t\t\t\t\t\t<\/div>\n\t\t\t\t<\/div>\n\t\t\t\t\t<\/div>\n\t\t\t\t<\/div>\n\t\t\t\t<\/div>\n\t\t","protected":false},"excerpt":{"rendered":"<p>Tietoa palvelusta Tietosuojaseloste P\u00e4ivitetty: 15.2.2026 Hoods.fi -palvelua k\u00e4ytt\u00e4m\u00e4ll\u00e4 hyv\u00e4ksyt t\u00e4m\u00e4n tietosuojaselosteen. T\u00e4t\u00e4 tietosuojaselostetta voidaan p\u00e4ivitt\u00e4\u00e4 ajoittain ilman ennakkoilmoitusta. Kaikki muutokset tulevat voimaan heti. Ajantasaisen tietosuojaselosteen l\u00f6yd\u00e4t t\u00e4lt\u00e4 sivulta. 1. Rekisterinpit\u00e4j\u00e4 CYF Digital Services OyPitk\u00e4m\u00e4enkatu 11 A20250 TurkuY-tunnus 2761064-2info@cyf.fi 2. Henkil\u00f6tietojen k\u00e4sittelyn oikeusperuste Rekister\u00f6idyn suostumus 3. Henkil\u00f6tietojen k\u00e4sittelyn tarkoitus Hoods.fi -verkkopalvelussa ker\u00e4t\u00e4\u00e4n k\u00e4ytt\u00e4j\u00e4tietoja, jotta voimme tarkastella [&hellip;]<\/p>\n","protected":false},"author":1,"featured_media":0,"parent":2078,"menu_order":0,"comment_status":"closed","ping_status":"closed","template":"elementor_header_footer","meta":{"_acf_changed":false,"_glsr_average":0,"_glsr_ranking":0,"_glsr_reviews":0,"footnotes":""},"class_list":["post-2086","page","type-page","status-publish","hentry"],"acf":[],"yoast_head":"<!-- This site is optimized with the Yoast SEO plugin v27.4 - https:\/\/yoast.com\/product\/yoast-seo-wordpress\/ -->\n<title>Tietosuojaseloste - Hoods.fi<\/title>\n<meta name=\"robots\" content=\"index, follow, max-snippet:-1, max-image-preview:large, max-video-preview:-1\" \/>\n<link rel=\"canonical\" href=\"https:\/\/hoods.fi\/fi\/info\/policy\/\" \/>\n<meta property=\"og:locale\" content=\"fi_FI\" \/>\n<meta property=\"og:type\" content=\"article\" \/>\n<meta property=\"og:title\" content=\"Tietosuojaseloste - Hoods.fi\" \/>\n<meta property=\"og:description\" content=\"Tietoa palvelusta Tietosuojaseloste P\u00e4ivitetty: 15.2.2026 Hoods.fi -palvelua k\u00e4ytt\u00e4m\u00e4ll\u00e4 hyv\u00e4ksyt t\u00e4m\u00e4n tietosuojaselosteen. T\u00e4t\u00e4 tietosuojaselostetta voidaan p\u00e4ivitt\u00e4\u00e4 ajoittain ilman ennakkoilmoitusta. Kaikki muutokset tulevat voimaan heti. Ajantasaisen tietosuojaselosteen l\u00f6yd\u00e4t t\u00e4lt\u00e4 sivulta. 1. Rekisterinpit\u00e4j\u00e4 CYF Digital Services OyPitk\u00e4m\u00e4enkatu 11 A20250 TurkuY-tunnus 2761064-2info@cyf.fi 2. Henkil\u00f6tietojen k\u00e4sittelyn oikeusperuste Rekister\u00f6idyn suostumus 3. Henkil\u00f6tietojen k\u00e4sittelyn tarkoitus Hoods.fi -verkkopalvelussa ker\u00e4t\u00e4\u00e4n k\u00e4ytt\u00e4j\u00e4tietoja, jotta voimme tarkastella [&hellip;]\" \/>\n<meta property=\"og:url\" content=\"https:\/\/hoods.fi\/fi\/info\/policy\/\" \/>\n<meta property=\"og:site_name\" content=\"Hoods.fi\" \/>\n<meta property=\"article:modified_time\" content=\"2026-02-15T10:58:01+00:00\" \/>\n<meta name=\"twitter:card\" content=\"summary_large_image\" \/>\n<meta name=\"twitter:label1\" content=\"Arvioitu lukuaika\" \/>\n\t<meta name=\"twitter:data1\" content=\"3 minuuttia\" \/>\n<script type=\"application\/ld+json\" class=\"yoast-schema-graph\">{\"@context\":\"https:\\\/\\\/schema.org\",\"@graph\":[{\"@type\":\"WebPage\",\"@id\":\"https:\\\/\\\/hoods.fi\\\/fi\\\/info\\\/policy\\\/\",\"url\":\"https:\\\/\\\/hoods.fi\\\/fi\\\/info\\\/policy\\\/\",\"name\":\"Tietosuojaseloste - Hoods.fi\",\"isPartOf\":{\"@id\":\"https:\\\/\\\/hoods.fi\\\/fi\\\/#website\"},\"datePublished\":\"2025-12-28T10:31:27+00:00\",\"dateModified\":\"2026-02-15T10:58:01+00:00\",\"breadcrumb\":{\"@id\":\"https:\\\/\\\/hoods.fi\\\/fi\\\/info\\\/policy\\\/#breadcrumb\"},\"inLanguage\":\"fi\",\"potentialAction\":[{\"@type\":\"ReadAction\",\"target\":[\"https:\\\/\\\/hoods.fi\\\/fi\\\/info\\\/policy\\\/\"]}]},{\"@type\":\"BreadcrumbList\",\"@id\":\"https:\\\/\\\/hoods.fi\\\/fi\\\/info\\\/policy\\\/#breadcrumb\",\"itemListElement\":[{\"@type\":\"ListItem\",\"position\":1,\"name\":\"Etusivu\",\"item\":\"https:\\\/\\\/hoods.fi\\\/fi\\\/\"},{\"@type\":\"ListItem\",\"position\":2,\"name\":\"Tietoa palvelusta\",\"item\":\"https:\\\/\\\/hoods.fi\\\/fi\\\/info\\\/\"},{\"@type\":\"ListItem\",\"position\":3,\"name\":\"Tietosuojaseloste\"}]},{\"@type\":\"WebSite\",\"@id\":\"https:\\\/\\\/hoods.fi\\\/fi\\\/#website\",\"url\":\"https:\\\/\\\/hoods.fi\\\/fi\\\/\",\"name\":\"Hoods.fi\",\"description\":\"El&auml;m&auml;&auml; naapurustoissa\",\"publisher\":{\"@id\":\"https:\\\/\\\/hoods.fi\\\/fi\\\/#organization\"},\"potentialAction\":[{\"@type\":\"SearchAction\",\"target\":{\"@type\":\"EntryPoint\",\"urlTemplate\":\"https:\\\/\\\/hoods.fi\\\/fi\\\/?s={search_term_string}\"},\"query-input\":{\"@type\":\"PropertyValueSpecification\",\"valueRequired\":true,\"valueName\":\"search_term_string\"}}],\"inLanguage\":\"fi\"},{\"@type\":\"Organization\",\"@id\":\"https:\\\/\\\/hoods.fi\\\/fi\\\/#organization\",\"name\":\"Hoods.fi\",\"url\":\"https:\\\/\\\/hoods.fi\\\/fi\\\/\",\"logo\":{\"@type\":\"ImageObject\",\"inLanguage\":\"fi\",\"@id\":\"https:\\\/\\\/hoods.fi\\\/fi\\\/#\\\/schema\\\/logo\\\/image\\\/\",\"url\":\"https:\\\/\\\/hoods.fi\\\/wp-content\\\/uploads\\\/2025\\\/11\\\/hoods-uusi-logo.png\",\"contentUrl\":\"https:\\\/\\\/hoods.fi\\\/wp-content\\\/uploads\\\/2025\\\/11\\\/hoods-uusi-logo.png\",\"width\":500,\"height\":250,\"caption\":\"Hoods.fi\"},\"image\":{\"@id\":\"https:\\\/\\\/hoods.fi\\\/fi\\\/#\\\/schema\\\/logo\\\/image\\\/\"}}]}<\/script>\n<!-- \/ Yoast SEO plugin. -->","yoast_head_json":{"title":"Tietosuojaseloste - Hoods.fi","robots":{"index":"index","follow":"follow","max-snippet":"max-snippet:-1","max-image-preview":"max-image-preview:large","max-video-preview":"max-video-preview:-1"},"canonical":"https:\/\/hoods.fi\/fi\/info\/policy\/","og_locale":"fi_FI","og_type":"article","og_title":"Tietosuojaseloste - Hoods.fi","og_description":"Tietoa palvelusta Tietosuojaseloste P\u00e4ivitetty: 15.2.2026 Hoods.fi -palvelua k\u00e4ytt\u00e4m\u00e4ll\u00e4 hyv\u00e4ksyt t\u00e4m\u00e4n tietosuojaselosteen. T\u00e4t\u00e4 tietosuojaselostetta voidaan p\u00e4ivitt\u00e4\u00e4 ajoittain ilman ennakkoilmoitusta. Kaikki muutokset tulevat voimaan heti. Ajantasaisen tietosuojaselosteen l\u00f6yd\u00e4t t\u00e4lt\u00e4 sivulta. 1. Rekisterinpit\u00e4j\u00e4 CYF Digital Services OyPitk\u00e4m\u00e4enkatu 11 A20250 TurkuY-tunnus 2761064-2info@cyf.fi 2. Henkil\u00f6tietojen k\u00e4sittelyn oikeusperuste Rekister\u00f6idyn suostumus 3. Henkil\u00f6tietojen k\u00e4sittelyn tarkoitus Hoods.fi -verkkopalvelussa ker\u00e4t\u00e4\u00e4n k\u00e4ytt\u00e4j\u00e4tietoja, jotta voimme tarkastella [&hellip;]","og_url":"https:\/\/hoods.fi\/fi\/info\/policy\/","og_site_name":"Hoods.fi","article_modified_time":"2026-02-15T10:58:01+00:00","twitter_card":"summary_large_image","twitter_misc":{"Arvioitu lukuaika":"3 minuuttia"},"schema":{"@context":"https:\/\/schema.org","@graph":[{"@type":"WebPage","@id":"https:\/\/hoods.fi\/fi\/info\/policy\/","url":"https:\/\/hoods.fi\/fi\/info\/policy\/","name":"Tietosuojaseloste - Hoods.fi","isPartOf":{"@id":"https:\/\/hoods.fi\/fi\/#website"},"datePublished":"2025-12-28T10:31:27+00:00","dateModified":"2026-02-15T10:58:01+00:00","breadcrumb":{"@id":"https:\/\/hoods.fi\/fi\/info\/policy\/#breadcrumb"},"inLanguage":"fi","potentialAction":[{"@type":"ReadAction","target":["https:\/\/hoods.fi\/fi\/info\/policy\/"]}]},{"@type":"BreadcrumbList","@id":"https:\/\/hoods.fi\/fi\/info\/policy\/#breadcrumb","itemListElement":[{"@type":"ListItem","position":1,"name":"Etusivu","item":"https:\/\/hoods.fi\/fi\/"},{"@type":"ListItem","position":2,"name":"Tietoa palvelusta","item":"https:\/\/hoods.fi\/fi\/info\/"},{"@type":"ListItem","position":3,"name":"Tietosuojaseloste"}]},{"@type":"WebSite","@id":"https:\/\/hoods.fi\/fi\/#website","url":"https:\/\/hoods.fi\/fi\/","name":"Hoods.fi","description":"El&auml;m&auml;&auml; naapurustoissa","publisher":{"@id":"https:\/\/hoods.fi\/fi\/#organization"},"potentialAction":[{"@type":"SearchAction","target":{"@type":"EntryPoint","urlTemplate":"https:\/\/hoods.fi\/fi\/?s={search_term_string}"},"query-input":{"@type":"PropertyValueSpecification","valueRequired":true,"valueName":"search_term_string"}}],"inLanguage":"fi"},{"@type":"Organization","@id":"https:\/\/hoods.fi\/fi\/#organization","name":"Hoods.fi","url":"https:\/\/hoods.fi\/fi\/","logo":{"@type":"ImageObject","inLanguage":"fi","@id":"https:\/\/hoods.fi\/fi\/#\/schema\/logo\/image\/","url":"https:\/\/hoods.fi\/wp-content\/uploads\/2025\/11\/hoods-uusi-logo.png","contentUrl":"https:\/\/hoods.fi\/wp-content\/uploads\/2025\/11\/hoods-uusi-logo.png","width":500,"height":250,"caption":"Hoods.fi"},"image":{"@id":"https:\/\/hoods.fi\/fi\/#\/schema\/logo\/image\/"}}]}},"yoast_meta":{"yoast_wpseo_title":"","yoast_wpseo_metadesc":"","yoast_wpseo_canonical":""},"_links":{"self":[{"href":"https:\/\/hoods.fi\/fi\/wp-json\/wp\/v2\/pages\/2086","targetHints":{"allow":["GET"]}}],"collection":[{"href":"https:\/\/hoods.fi\/fi\/wp-json\/wp\/v2\/pages"}],"about":[{"href":"https:\/\/hoods.fi\/fi\/wp-json\/wp\/v2\/types\/page"}],"author":[{"embeddable":true,"href":"https:\/\/hoods.fi\/fi\/wp-json\/wp\/v2\/users\/1"}],"replies":[{"embeddable":true,"href":"https:\/\/hoods.fi\/fi\/wp-json\/wp\/v2\/comments?post=2086"}],"version-history":[{"count":16,"href":"https:\/\/hoods.fi\/fi\/wp-json\/wp\/v2\/pages\/2086\/revisions"}],"predecessor-version":[{"id":4085,"href":"https:\/\/hoods.fi\/fi\/wp-json\/wp\/v2\/pages\/2086\/revisions\/4085"}],"up":[{"embeddable":true,"href":"https:\/\/hoods.fi\/fi\/wp-json\/wp\/v2\/pages\/2078"}],"wp:attachment":[{"href":"https:\/\/hoods.fi\/fi\/wp-json\/wp\/v2\/media?parent=2086"}],"curies":[{"name":"wp","href":"https:\/\/api.w.org\/{rel}","templated":true}]}}