{"id":2110,"date":"2025-12-28T12:45:55","date_gmt":"2025-12-28T10:45:55","guid":{"rendered":"https:\/\/hoods.fi\/?page_id=2110"},"modified":"2026-02-15T12:47:35","modified_gmt":"2026-02-15T10:47:35","slug":"accessibility","status":"publish","type":"page","link":"https:\/\/hoods.fi\/fi\/info\/accessibility\/","title":{"rendered":"Saavutettavuusseloste"},"content":{"rendered":"\t\t<div data-elementor-type=\"wp-page\" data-elementor-id=\"2110\" class=\"elementor elementor-2110\" data-elementor-post-type=\"page\">\n\t\t\t\t<div class=\"elementor-element elementor-element-2d39e44 e-grid e-con-boxed e-con e-parent\" data-id=\"2d39e44\" data-element_type=\"container\" data-e-type=\"container\" data-settings=\"{&quot;background_background&quot;:&quot;classic&quot;}\">\n\t\t\t\t\t<div class=\"e-con-inner\">\n\t\t<div class=\"elementor-element elementor-element-a667af9 e-con-full e-flex e-con e-child\" data-id=\"a667af9\" data-element_type=\"container\" data-e-type=\"container\">\n\t\t\t\t<div class=\"elementor-element elementor-element-b9f74f5 elementor-widget elementor-widget-heading\" data-id=\"b9f74f5\" data-element_type=\"widget\" data-e-type=\"widget\" data-widget_type=\"heading.default\">\n\t\t\t\t\t<div class=\"elementor-heading-title elementor-size-default\">Tietoa palvelusta<\/div>\t\t\t\t<\/div>\n\t\t\t\t<div class=\"elementor-element elementor-element-d2af682 elementor-nav-menu__align-start elementor-nav-menu--dropdown-mobile elementor-nav-menu--stretch elementor-nav-menu__text-align-aside elementor-nav-menu--toggle elementor-nav-menu--burger elementor-widget elementor-widget-nav-menu\" data-id=\"d2af682\" data-element_type=\"widget\" data-e-type=\"widget\" data-settings=\"{&quot;layout&quot;:&quot;vertical&quot;,&quot;submenu_icon&quot;:{&quot;value&quot;:&quot;&lt;i aria-hidden=\\&quot;true\\&quot; class=\\&quot;\\&quot;&gt;&lt;\\\/i&gt;&quot;,&quot;library&quot;:&quot;&quot;},&quot;full_width&quot;:&quot;stretch&quot;,&quot;toggle&quot;:&quot;burger&quot;}\" data-widget_type=\"nav-menu.default\">\n\t\t\t\t\t\t\t\t<nav aria-label=\"Menu\" class=\"elementor-nav-menu--main elementor-nav-menu__container elementor-nav-menu--layout-vertical e--pointer-none\">\n\t\t\t\t<ul id=\"menu-1-d2af682\" class=\"elementor-nav-menu sm-vertical\"><li class=\"menu-item menu-item-type-post_type menu-item-object-page menu-item-2154\"><a href=\"https:\/\/hoods.fi\/fi\/info\/feedback\/\" class=\"elementor-item\">Ota yhteytt\u00e4<\/a><\/li>\n<li class=\"menu-item menu-item-type-post_type menu-item-object-page menu-item-2120\"><a href=\"https:\/\/hoods.fi\/fi\/info\/licenses\/\" class=\"elementor-item\">Tietol\u00e4hteet ja lisenssit<\/a><\/li>\n<li class=\"menu-item menu-item-type-post_type menu-item-object-page menu-item-privacy-policy menu-item-2091\"><a rel=\"privacy-policy\" href=\"https:\/\/hoods.fi\/fi\/info\/policy\/\" class=\"elementor-item\">Tietosuojaseloste<\/a><\/li>\n<li class=\"menu-item menu-item-type-post_type menu-item-object-page menu-item-4101\"><a href=\"https:\/\/hoods.fi\/fi\/info\/cookies\/\" class=\"elementor-item\">Ev\u00e4steseloste<\/a><\/li>\n<li class=\"menu-item menu-item-type-post_type menu-item-object-page menu-item-2121\"><a href=\"https:\/\/hoods.fi\/fi\/info\/accessibility\/\" class=\"elementor-item\">Saavutettavuusseloste<\/a><\/li>\n<\/ul>\t\t\t<\/nav>\n\t\t\t\t\t<div class=\"elementor-menu-toggle\" role=\"button\" tabindex=\"0\" aria-label=\"Menu Toggle\" aria-expanded=\"false\">\n\t\t\t<svg aria-hidden=\"true\" role=\"presentation\" class=\"elementor-menu-toggle__icon--open e-font-icon-svg e-eicon-menu-bar\" viewBox=\"0 0 1000 1000\" xmlns=\"http:\/\/www.w3.org\/2000\/svg\"><path d=\"M104 333H896C929 333 958 304 958 271S929 208 896 208H104C71 208 42 237 42 271S71 333 104 333ZM104 583H896C929 583 958 554 958 521S929 458 896 458H104C71 458 42 487 42 521S71 583 104 583ZM104 833H896C929 833 958 804 958 771S929 708 896 708H104C71 708 42 737 42 771S71 833 104 833Z\"><\/path><\/svg><svg aria-hidden=\"true\" role=\"presentation\" class=\"elementor-menu-toggle__icon--close e-font-icon-svg e-eicon-close\" viewBox=\"0 0 1000 1000\" xmlns=\"http:\/\/www.w3.org\/2000\/svg\"><path d=\"M742 167L500 408 258 167C246 154 233 150 217 150 196 150 179 158 167 167 154 179 150 196 150 212 150 229 154 242 171 254L408 500 167 742C138 771 138 800 167 829 196 858 225 858 254 829L496 587 738 829C750 842 767 846 783 846 800 846 817 842 829 829 842 817 846 804 846 783 846 767 842 750 829 737L588 500 833 258C863 229 863 200 833 171 804 137 775 137 742 167Z\"><\/path><\/svg>\t\t<\/div>\n\t\t\t\t\t<nav class=\"elementor-nav-menu--dropdown elementor-nav-menu__container\" aria-hidden=\"true\">\n\t\t\t\t<ul id=\"menu-2-d2af682\" class=\"elementor-nav-menu sm-vertical\"><li class=\"menu-item menu-item-type-post_type menu-item-object-page menu-item-2154\"><a href=\"https:\/\/hoods.fi\/fi\/info\/feedback\/\" class=\"elementor-item\" tabindex=\"-1\">Ota yhteytt\u00e4<\/a><\/li>\n<li class=\"menu-item menu-item-type-post_type menu-item-object-page menu-item-2120\"><a href=\"https:\/\/hoods.fi\/fi\/info\/licenses\/\" class=\"elementor-item\" tabindex=\"-1\">Tietol\u00e4hteet ja lisenssit<\/a><\/li>\n<li class=\"menu-item menu-item-type-post_type menu-item-object-page menu-item-privacy-policy menu-item-2091\"><a rel=\"privacy-policy\" href=\"https:\/\/hoods.fi\/fi\/info\/policy\/\" class=\"elementor-item\" tabindex=\"-1\">Tietosuojaseloste<\/a><\/li>\n<li class=\"menu-item menu-item-type-post_type menu-item-object-page menu-item-4101\"><a href=\"https:\/\/hoods.fi\/fi\/info\/cookies\/\" class=\"elementor-item\" tabindex=\"-1\">Ev\u00e4steseloste<\/a><\/li>\n<li class=\"menu-item menu-item-type-post_type menu-item-object-page menu-item-2121\"><a href=\"https:\/\/hoods.fi\/fi\/info\/accessibility\/\" class=\"elementor-item\" tabindex=\"-1\">Saavutettavuusseloste<\/a><\/li>\n<\/ul>\t\t\t<\/nav>\n\t\t\t\t\t\t<\/div>\n\t\t\t\t<\/div>\n\t\t<div class=\"elementor-element elementor-element-72c0bb7 e-con-full e-flex e-con e-child\" data-id=\"72c0bb7\" data-element_type=\"container\" data-e-type=\"container\">\n\t\t\t\t<div class=\"elementor-element elementor-element-10599de elementor-widget elementor-widget-heading\" data-id=\"10599de\" data-element_type=\"widget\" data-e-type=\"widget\" data-widget_type=\"heading.default\">\n\t\t\t\t\t<h1 class=\"elementor-heading-title elementor-size-default\">Saavutettavuusseloste<\/h1>\t\t\t\t<\/div>\n\t\t\t\t<div class=\"elementor-element elementor-element-15416dd elementor-widget elementor-widget-text-editor\" data-id=\"15416dd\" data-element_type=\"widget\" data-e-type=\"widget\" data-widget_type=\"text-editor.default\">\n\t\t\t\t\t\t\t\t\t<p>P\u00e4ivitetty: 15.2.2026<\/p><p>Laki digitaalisten palvelujen tarjoamisesta (digipalvelulaki) toteuttaa Suomessa ns. saavutettavuusdirektiivin. Digipalvelulaki linjaa saavutettavuusvaatimukset, jotka digipalveluiden tulee t\u00e4ytt\u00e4\u00e4. Laki velvoittaa erityisesti julkista sektoria luomaan kaikkien saavutettavissa olevia digitaalisia verkkopalveluja. Vaikka Hoods.fi-palvelu ei olekaan t\u00e4m\u00e4n lain piiriss\u00e4, haluamme omalta osaltamme tukea saavutettavuutta kaikkien n\u00e4k\u00f6kulmasta.<\/p><p>Koska tuotamme palveluja yhteisty\u00f6ss\u00e4 julkisten organisaatioiden kanssa, haluamme varmistaa, ett\u00e4 verkkopalvelumme on mahdollisimman monen k\u00e4ytett\u00e4viss\u00e4. Olemme k\u00e4yneet l\u00e4pi Hoods.fi-palvelumme ja pyrkineet toteuttamaan sen WCAG-kriteerien AA-tason mukaisesti.<\/p><p>Aina voimme olla parempia, joten mik\u00e4li huomaat seikkoja, joissa emme t\u00e4yt\u00e4 kaikkia kriteerej\u00e4 l\u00e4het\u00e4th\u00e4n meille palautetta joko palautelomakkeen kautta tai s\u00e4hk\u00f6postitse osoitteeseen info(a)hoods.fi.<\/p><p>Lis\u00e4tietoja saavutettavuudesta voi lukea <strong><a href=\"https:\/\/www.saavutettavuusvaatimukset.fi\/fi\">Liikenne- ja viestint\u00e4ministeri\u00f6 Traficomin sivuilta.<\/a><\/strong><\/p>\t\t\t\t\t\t\t\t<\/div>\n\t\t\t\t<\/div>\n\t\t\t\t\t<\/div>\n\t\t\t\t<\/div>\n\t\t\t\t<\/div>\n\t\t","protected":false},"excerpt":{"rendered":"<p>Tietoa palvelusta P\u00e4ivitetty: 15.2.2026 Laki digitaalisten palvelujen tarjoamisesta (digipalvelulaki) toteuttaa Suomessa ns. saavutettavuusdirektiivin. Digipalvelulaki linjaa saavutettavuusvaatimukset, jotka digipalveluiden tulee t\u00e4ytt\u00e4\u00e4. Laki velvoittaa erityisesti julkista sektoria luomaan kaikkien saavutettavissa olevia digitaalisia verkkopalveluja. Vaikka Hoods.fi-palvelu ei olekaan t\u00e4m\u00e4n lain piiriss\u00e4, haluamme omalta osaltamme tukea saavutettavuutta kaikkien n\u00e4k\u00f6kulmasta. Koska tuotamme palveluja yhteisty\u00f6ss\u00e4 julkisten organisaatioiden kanssa, haluamme varmistaa, ett\u00e4 [&hellip;]<\/p>\n","protected":false},"author":1,"featured_media":0,"parent":2078,"menu_order":0,"comment_status":"closed","ping_status":"closed","template":"elementor_header_footer","meta":{"_acf_changed":false,"_glsr_average":0,"_glsr_ranking":0,"_glsr_reviews":0,"footnotes":""},"class_list":["post-2110","page","type-page","status-publish","hentry"],"acf":[],"yoast_head":"<!-- This site is optimized with the Yoast SEO plugin v27.4 - https:\/\/yoast.com\/product\/yoast-seo-wordpress\/ -->\n<title>Saavutettavuusseloste - Hoods.fi<\/title>\n<meta name=\"robots\" content=\"index, follow, max-snippet:-1, max-image-preview:large, max-video-preview:-1\" \/>\n<link rel=\"canonical\" href=\"https:\/\/hoods.fi\/fi\/info\/accessibility\/\" \/>\n<meta property=\"og:locale\" content=\"fi_FI\" \/>\n<meta property=\"og:type\" content=\"article\" \/>\n<meta property=\"og:title\" content=\"Saavutettavuusseloste - Hoods.fi\" \/>\n<meta property=\"og:description\" content=\"Tietoa palvelusta P\u00e4ivitetty: 15.2.2026 Laki digitaalisten palvelujen tarjoamisesta (digipalvelulaki) toteuttaa Suomessa ns. saavutettavuusdirektiivin. Digipalvelulaki linjaa saavutettavuusvaatimukset, jotka digipalveluiden tulee t\u00e4ytt\u00e4\u00e4. Laki velvoittaa erityisesti julkista sektoria luomaan kaikkien saavutettavissa olevia digitaalisia verkkopalveluja. Vaikka Hoods.fi-palvelu ei olekaan t\u00e4m\u00e4n lain piiriss\u00e4, haluamme omalta osaltamme tukea saavutettavuutta kaikkien n\u00e4k\u00f6kulmasta. Koska tuotamme palveluja yhteisty\u00f6ss\u00e4 julkisten organisaatioiden kanssa, haluamme varmistaa, ett\u00e4 [&hellip;]\" \/>\n<meta property=\"og:url\" content=\"https:\/\/hoods.fi\/fi\/info\/accessibility\/\" \/>\n<meta property=\"og:site_name\" content=\"Hoods.fi\" \/>\n<meta property=\"article:modified_time\" content=\"2026-02-15T10:47:35+00:00\" \/>\n<meta name=\"twitter:card\" content=\"summary_large_image\" \/>\n<meta name=\"twitter:label1\" content=\"Arvioitu lukuaika\" \/>\n\t<meta name=\"twitter:data1\" content=\"1 minuutti\" \/>\n<script type=\"application\/ld+json\" class=\"yoast-schema-graph\">{\"@context\":\"https:\\\/\\\/schema.org\",\"@graph\":[{\"@type\":\"WebPage\",\"@id\":\"https:\\\/\\\/hoods.fi\\\/fi\\\/info\\\/accessibility\\\/\",\"url\":\"https:\\\/\\\/hoods.fi\\\/fi\\\/info\\\/accessibility\\\/\",\"name\":\"Saavutettavuusseloste - Hoods.fi\",\"isPartOf\":{\"@id\":\"https:\\\/\\\/hoods.fi\\\/fi\\\/#website\"},\"datePublished\":\"2025-12-28T10:45:55+00:00\",\"dateModified\":\"2026-02-15T10:47:35+00:00\",\"breadcrumb\":{\"@id\":\"https:\\\/\\\/hoods.fi\\\/fi\\\/info\\\/accessibility\\\/#breadcrumb\"},\"inLanguage\":\"fi\",\"potentialAction\":[{\"@type\":\"ReadAction\",\"target\":[\"https:\\\/\\\/hoods.fi\\\/fi\\\/info\\\/accessibility\\\/\"]}]},{\"@type\":\"BreadcrumbList\",\"@id\":\"https:\\\/\\\/hoods.fi\\\/fi\\\/info\\\/accessibility\\\/#breadcrumb\",\"itemListElement\":[{\"@type\":\"ListItem\",\"position\":1,\"name\":\"Etusivu\",\"item\":\"https:\\\/\\\/hoods.fi\\\/fi\\\/\"},{\"@type\":\"ListItem\",\"position\":2,\"name\":\"Tietoa palvelusta\",\"item\":\"https:\\\/\\\/hoods.fi\\\/fi\\\/info\\\/\"},{\"@type\":\"ListItem\",\"position\":3,\"name\":\"Saavutettavuusseloste\"}]},{\"@type\":\"WebSite\",\"@id\":\"https:\\\/\\\/hoods.fi\\\/fi\\\/#website\",\"url\":\"https:\\\/\\\/hoods.fi\\\/fi\\\/\",\"name\":\"Hoods.fi\",\"description\":\"El&auml;m&auml;&auml; naapurustoissa\",\"publisher\":{\"@id\":\"https:\\\/\\\/hoods.fi\\\/fi\\\/#organization\"},\"potentialAction\":[{\"@type\":\"SearchAction\",\"target\":{\"@type\":\"EntryPoint\",\"urlTemplate\":\"https:\\\/\\\/hoods.fi\\\/fi\\\/?s={search_term_string}\"},\"query-input\":{\"@type\":\"PropertyValueSpecification\",\"valueRequired\":true,\"valueName\":\"search_term_string\"}}],\"inLanguage\":\"fi\"},{\"@type\":\"Organization\",\"@id\":\"https:\\\/\\\/hoods.fi\\\/fi\\\/#organization\",\"name\":\"Hoods.fi\",\"url\":\"https:\\\/\\\/hoods.fi\\\/fi\\\/\",\"logo\":{\"@type\":\"ImageObject\",\"inLanguage\":\"fi\",\"@id\":\"https:\\\/\\\/hoods.fi\\\/fi\\\/#\\\/schema\\\/logo\\\/image\\\/\",\"url\":\"https:\\\/\\\/hoods.fi\\\/wp-content\\\/uploads\\\/2025\\\/11\\\/hoods-uusi-logo.png\",\"contentUrl\":\"https:\\\/\\\/hoods.fi\\\/wp-content\\\/uploads\\\/2025\\\/11\\\/hoods-uusi-logo.png\",\"width\":500,\"height\":250,\"caption\":\"Hoods.fi\"},\"image\":{\"@id\":\"https:\\\/\\\/hoods.fi\\\/fi\\\/#\\\/schema\\\/logo\\\/image\\\/\"}}]}<\/script>\n<!-- \/ Yoast SEO plugin. -->","yoast_head_json":{"title":"Saavutettavuusseloste - Hoods.fi","robots":{"index":"index","follow":"follow","max-snippet":"max-snippet:-1","max-image-preview":"max-image-preview:large","max-video-preview":"max-video-preview:-1"},"canonical":"https:\/\/hoods.fi\/fi\/info\/accessibility\/","og_locale":"fi_FI","og_type":"article","og_title":"Saavutettavuusseloste - Hoods.fi","og_description":"Tietoa palvelusta P\u00e4ivitetty: 15.2.2026 Laki digitaalisten palvelujen tarjoamisesta (digipalvelulaki) toteuttaa Suomessa ns. saavutettavuusdirektiivin. Digipalvelulaki linjaa saavutettavuusvaatimukset, jotka digipalveluiden tulee t\u00e4ytt\u00e4\u00e4. Laki velvoittaa erityisesti julkista sektoria luomaan kaikkien saavutettavissa olevia digitaalisia verkkopalveluja. Vaikka Hoods.fi-palvelu ei olekaan t\u00e4m\u00e4n lain piiriss\u00e4, haluamme omalta osaltamme tukea saavutettavuutta kaikkien n\u00e4k\u00f6kulmasta. Koska tuotamme palveluja yhteisty\u00f6ss\u00e4 julkisten organisaatioiden kanssa, haluamme varmistaa, ett\u00e4 [&hellip;]","og_url":"https:\/\/hoods.fi\/fi\/info\/accessibility\/","og_site_name":"Hoods.fi","article_modified_time":"2026-02-15T10:47:35+00:00","twitter_card":"summary_large_image","twitter_misc":{"Arvioitu lukuaika":"1 minuutti"},"schema":{"@context":"https:\/\/schema.org","@graph":[{"@type":"WebPage","@id":"https:\/\/hoods.fi\/fi\/info\/accessibility\/","url":"https:\/\/hoods.fi\/fi\/info\/accessibility\/","name":"Saavutettavuusseloste - Hoods.fi","isPartOf":{"@id":"https:\/\/hoods.fi\/fi\/#website"},"datePublished":"2025-12-28T10:45:55+00:00","dateModified":"2026-02-15T10:47:35+00:00","breadcrumb":{"@id":"https:\/\/hoods.fi\/fi\/info\/accessibility\/#breadcrumb"},"inLanguage":"fi","potentialAction":[{"@type":"ReadAction","target":["https:\/\/hoods.fi\/fi\/info\/accessibility\/"]}]},{"@type":"BreadcrumbList","@id":"https:\/\/hoods.fi\/fi\/info\/accessibility\/#breadcrumb","itemListElement":[{"@type":"ListItem","position":1,"name":"Etusivu","item":"https:\/\/hoods.fi\/fi\/"},{"@type":"ListItem","position":2,"name":"Tietoa palvelusta","item":"https:\/\/hoods.fi\/fi\/info\/"},{"@type":"ListItem","position":3,"name":"Saavutettavuusseloste"}]},{"@type":"WebSite","@id":"https:\/\/hoods.fi\/fi\/#website","url":"https:\/\/hoods.fi\/fi\/","name":"Hoods.fi","description":"El&auml;m&auml;&auml; naapurustoissa","publisher":{"@id":"https:\/\/hoods.fi\/fi\/#organization"},"potentialAction":[{"@type":"SearchAction","target":{"@type":"EntryPoint","urlTemplate":"https:\/\/hoods.fi\/fi\/?s={search_term_string}"},"query-input":{"@type":"PropertyValueSpecification","valueRequired":true,"valueName":"search_term_string"}}],"inLanguage":"fi"},{"@type":"Organization","@id":"https:\/\/hoods.fi\/fi\/#organization","name":"Hoods.fi","url":"https:\/\/hoods.fi\/fi\/","logo":{"@type":"ImageObject","inLanguage":"fi","@id":"https:\/\/hoods.fi\/fi\/#\/schema\/logo\/image\/","url":"https:\/\/hoods.fi\/wp-content\/uploads\/2025\/11\/hoods-uusi-logo.png","contentUrl":"https:\/\/hoods.fi\/wp-content\/uploads\/2025\/11\/hoods-uusi-logo.png","width":500,"height":250,"caption":"Hoods.fi"},"image":{"@id":"https:\/\/hoods.fi\/fi\/#\/schema\/logo\/image\/"}}]}},"yoast_meta":{"yoast_wpseo_title":"","yoast_wpseo_metadesc":"","yoast_wpseo_canonical":""},"_links":{"self":[{"href":"https:\/\/hoods.fi\/fi\/wp-json\/wp\/v2\/pages\/2110","targetHints":{"allow":["GET"]}}],"collection":[{"href":"https:\/\/hoods.fi\/fi\/wp-json\/wp\/v2\/pages"}],"about":[{"href":"https:\/\/hoods.fi\/fi\/wp-json\/wp\/v2\/types\/page"}],"author":[{"embeddable":true,"href":"https:\/\/hoods.fi\/fi\/wp-json\/wp\/v2\/users\/1"}],"replies":[{"embeddable":true,"href":"https:\/\/hoods.fi\/fi\/wp-json\/wp\/v2\/comments?post=2110"}],"version-history":[{"count":13,"href":"https:\/\/hoods.fi\/fi\/wp-json\/wp\/v2\/pages\/2110\/revisions"}],"predecessor-version":[{"id":4081,"href":"https:\/\/hoods.fi\/fi\/wp-json\/wp\/v2\/pages\/2110\/revisions\/4081"}],"up":[{"embeddable":true,"href":"https:\/\/hoods.fi\/fi\/wp-json\/wp\/v2\/pages\/2078"}],"wp:attachment":[{"href":"https:\/\/hoods.fi\/fi\/wp-json\/wp\/v2\/media?parent=2110"}],"curies":[{"name":"wp","href":"https:\/\/api.w.org\/{rel}","templated":true}]}}