{"id":2115,"date":"2025-12-28T12:48:38","date_gmt":"2025-12-28T10:48:38","guid":{"rendered":"https:\/\/hoods.fi\/?page_id=2115"},"modified":"2026-02-15T13:16:39","modified_gmt":"2026-02-15T11:16:39","slug":"licenses","status":"publish","type":"page","link":"https:\/\/hoods.fi\/fi\/info\/licenses\/","title":{"rendered":"Tietol\u00e4hteet ja lisenssit"},"content":{"rendered":"\t\t<div data-elementor-type=\"wp-page\" data-elementor-id=\"2115\" class=\"elementor elementor-2115\" data-elementor-post-type=\"page\">\n\t\t\t\t<div class=\"elementor-element elementor-element-2d39e44 e-grid e-con-boxed e-con e-parent\" data-id=\"2d39e44\" data-element_type=\"container\" data-e-type=\"container\" data-settings=\"{&quot;background_background&quot;:&quot;classic&quot;}\">\n\t\t\t\t\t<div class=\"e-con-inner\">\n\t\t<div class=\"elementor-element elementor-element-a667af9 e-con-full e-flex e-con e-child\" data-id=\"a667af9\" data-element_type=\"container\" data-e-type=\"container\">\n\t\t\t\t<div class=\"elementor-element elementor-element-b9f74f5 elementor-widget elementor-widget-heading\" data-id=\"b9f74f5\" data-element_type=\"widget\" data-e-type=\"widget\" data-widget_type=\"heading.default\">\n\t\t\t\t\t<div class=\"elementor-heading-title elementor-size-default\">Tietoa palvelusta<\/div>\t\t\t\t<\/div>\n\t\t\t\t<div class=\"elementor-element elementor-element-a95a7c4 elementor-nav-menu--dropdown-mobile elementor-nav-menu--stretch elementor-nav-menu__text-align-aside elementor-nav-menu--toggle elementor-nav-menu--burger elementor-widget elementor-widget-nav-menu\" data-id=\"a95a7c4\" data-element_type=\"widget\" data-e-type=\"widget\" data-settings=\"{&quot;layout&quot;:&quot;vertical&quot;,&quot;submenu_icon&quot;:{&quot;value&quot;:&quot;&lt;i aria-hidden=\\&quot;true\\&quot; class=\\&quot;\\&quot;&gt;&lt;\\\/i&gt;&quot;,&quot;library&quot;:&quot;&quot;},&quot;full_width&quot;:&quot;stretch&quot;,&quot;toggle&quot;:&quot;burger&quot;}\" data-widget_type=\"nav-menu.default\">\n\t\t\t\t\t\t\t\t<nav aria-label=\"Menu\" class=\"elementor-nav-menu--main elementor-nav-menu__container elementor-nav-menu--layout-vertical e--pointer-none\">\n\t\t\t\t<ul id=\"menu-1-a95a7c4\" class=\"elementor-nav-menu sm-vertical\"><li class=\"menu-item menu-item-type-post_type menu-item-object-page menu-item-2154\"><a href=\"https:\/\/hoods.fi\/fi\/info\/feedback\/\" class=\"elementor-item\">Ota yhteytt\u00e4<\/a><\/li>\n<li class=\"menu-item menu-item-type-post_type menu-item-object-page menu-item-2120\"><a href=\"https:\/\/hoods.fi\/fi\/info\/licenses\/\" class=\"elementor-item\">Tietol\u00e4hteet ja lisenssit<\/a><\/li>\n<li class=\"menu-item menu-item-type-post_type menu-item-object-page menu-item-privacy-policy menu-item-2091\"><a rel=\"privacy-policy\" href=\"https:\/\/hoods.fi\/fi\/info\/policy\/\" class=\"elementor-item\">Tietosuojaseloste<\/a><\/li>\n<li class=\"menu-item menu-item-type-post_type menu-item-object-page menu-item-4101\"><a href=\"https:\/\/hoods.fi\/fi\/info\/cookies\/\" class=\"elementor-item\">Ev\u00e4steseloste<\/a><\/li>\n<li class=\"menu-item menu-item-type-post_type menu-item-object-page menu-item-2121\"><a href=\"https:\/\/hoods.fi\/fi\/info\/accessibility\/\" class=\"elementor-item\">Saavutettavuusseloste<\/a><\/li>\n<\/ul>\t\t\t<\/nav>\n\t\t\t\t\t<div class=\"elementor-menu-toggle\" role=\"button\" tabindex=\"0\" aria-label=\"Menu Toggle\" aria-expanded=\"false\">\n\t\t\t<svg aria-hidden=\"true\" role=\"presentation\" class=\"elementor-menu-toggle__icon--open e-font-icon-svg e-eicon-menu-bar\" viewBox=\"0 0 1000 1000\" xmlns=\"http:\/\/www.w3.org\/2000\/svg\"><path d=\"M104 333H896C929 333 958 304 958 271S929 208 896 208H104C71 208 42 237 42 271S71 333 104 333ZM104 583H896C929 583 958 554 958 521S929 458 896 458H104C71 458 42 487 42 521S71 583 104 583ZM104 833H896C929 833 958 804 958 771S929 708 896 708H104C71 708 42 737 42 771S71 833 104 833Z\"><\/path><\/svg><svg aria-hidden=\"true\" role=\"presentation\" class=\"elementor-menu-toggle__icon--close e-font-icon-svg e-eicon-close\" viewBox=\"0 0 1000 1000\" xmlns=\"http:\/\/www.w3.org\/2000\/svg\"><path d=\"M742 167L500 408 258 167C246 154 233 150 217 150 196 150 179 158 167 167 154 179 150 196 150 212 150 229 154 242 171 254L408 500 167 742C138 771 138 800 167 829 196 858 225 858 254 829L496 587 738 829C750 842 767 846 783 846 800 846 817 842 829 829 842 817 846 804 846 783 846 767 842 750 829 737L588 500 833 258C863 229 863 200 833 171 804 137 775 137 742 167Z\"><\/path><\/svg>\t\t<\/div>\n\t\t\t\t\t<nav class=\"elementor-nav-menu--dropdown elementor-nav-menu__container\" aria-hidden=\"true\">\n\t\t\t\t<ul id=\"menu-2-a95a7c4\" class=\"elementor-nav-menu sm-vertical\"><li class=\"menu-item menu-item-type-post_type menu-item-object-page menu-item-2154\"><a href=\"https:\/\/hoods.fi\/fi\/info\/feedback\/\" class=\"elementor-item\" tabindex=\"-1\">Ota yhteytt\u00e4<\/a><\/li>\n<li class=\"menu-item menu-item-type-post_type menu-item-object-page menu-item-2120\"><a href=\"https:\/\/hoods.fi\/fi\/info\/licenses\/\" class=\"elementor-item\" tabindex=\"-1\">Tietol\u00e4hteet ja lisenssit<\/a><\/li>\n<li class=\"menu-item menu-item-type-post_type menu-item-object-page menu-item-privacy-policy menu-item-2091\"><a rel=\"privacy-policy\" href=\"https:\/\/hoods.fi\/fi\/info\/policy\/\" class=\"elementor-item\" tabindex=\"-1\">Tietosuojaseloste<\/a><\/li>\n<li class=\"menu-item menu-item-type-post_type menu-item-object-page menu-item-4101\"><a href=\"https:\/\/hoods.fi\/fi\/info\/cookies\/\" class=\"elementor-item\" tabindex=\"-1\">Ev\u00e4steseloste<\/a><\/li>\n<li class=\"menu-item menu-item-type-post_type menu-item-object-page menu-item-2121\"><a href=\"https:\/\/hoods.fi\/fi\/info\/accessibility\/\" class=\"elementor-item\" tabindex=\"-1\">Saavutettavuusseloste<\/a><\/li>\n<\/ul>\t\t\t<\/nav>\n\t\t\t\t\t\t<\/div>\n\t\t\t\t<\/div>\n\t\t<div class=\"elementor-element elementor-element-72c0bb7 e-con-full e-flex e-con e-child\" data-id=\"72c0bb7\" data-element_type=\"container\" data-e-type=\"container\">\n\t\t\t\t<div class=\"elementor-element elementor-element-10599de elementor-widget elementor-widget-heading\" data-id=\"10599de\" data-element_type=\"widget\" data-e-type=\"widget\" data-widget_type=\"heading.default\">\n\t\t\t\t\t<h1 class=\"elementor-heading-title elementor-size-default\">Tietol\u00e4hteet ja lisenssit<\/h1>\t\t\t\t<\/div>\n\t\t\t\t<div class=\"elementor-element elementor-element-265aa33 elementor-widget elementor-widget-n-accordion\" data-id=\"265aa33\" data-element_type=\"widget\" data-e-type=\"widget\" data-settings=\"{&quot;default_state&quot;:&quot;all_collapsed&quot;,&quot;max_items_expended&quot;:&quot;one&quot;,&quot;n_accordion_animation_duration&quot;:{&quot;unit&quot;:&quot;ms&quot;,&quot;size&quot;:400,&quot;sizes&quot;:[]}}\" data-widget_type=\"nested-accordion.default\">\n\t\t\t\t\t\t\t<div class=\"e-n-accordion\" aria-label=\"Accordion. Open links with Enter or Space, close with Escape, and navigate with Arrow Keys\">\n\t\t\t\t\t\t<details id=\"e-n-accordion-item-4020\" class=\"e-n-accordion-item\" >\n\t\t\t\t<summary class=\"e-n-accordion-item-title\" data-accordion-index=\"1\" tabindex=\"0\" aria-expanded=\"false\" aria-controls=\"e-n-accordion-item-4020\" >\n\t\t\t\t\t<span class='e-n-accordion-item-title-header'><div class=\"e-n-accordion-item-title-text\"> Open Street Map <\/div><\/span>\n\t\t\t\t\t\t\t<span class='e-n-accordion-item-title-icon'>\n\t\t\t<span class='e-opened' ><svg aria-hidden=\"true\" class=\"e-font-icon-svg e-fas-chevron-up\" viewBox=\"0 0 448 512\" xmlns=\"http:\/\/www.w3.org\/2000\/svg\"><path d=\"M240.971 130.524l194.343 194.343c9.373 9.373 9.373 24.569 0 33.941l-22.667 22.667c-9.357 9.357-24.522 9.375-33.901.04L224 227.495 69.255 381.516c-9.379 9.335-24.544 9.317-33.901-.04l-22.667-22.667c-9.373-9.373-9.373-24.569 0-33.941L207.03 130.525c9.372-9.373 24.568-9.373 33.941-.001z\"><\/path><\/svg><\/span>\n\t\t\t<span class='e-closed'><svg aria-hidden=\"true\" class=\"e-font-icon-svg e-fas-chevron-down\" viewBox=\"0 0 448 512\" xmlns=\"http:\/\/www.w3.org\/2000\/svg\"><path d=\"M207.029 381.476L12.686 187.132c-9.373-9.373-9.373-24.569 0-33.941l22.667-22.667c9.357-9.357 24.522-9.375 33.901-.04L224 284.505l154.745-154.021c9.379-9.335 24.544-9.317 33.901.04l22.667 22.667c9.373 9.373 9.373 24.569 0 33.941L240.971 381.476c-9.373 9.372-24.569 9.372-33.942 0z\"><\/path><\/svg><\/span>\n\t\t<\/span>\n\n\t\t\t\t\t\t<\/summary>\n\t\t\t\t<div role=\"region\" aria-labelledby=\"e-n-accordion-item-4020\" class=\"elementor-element elementor-element-64db32e e-con-full e-flex e-con e-child\" data-id=\"64db32e\" data-element_type=\"container\" data-e-type=\"container\">\n\t\t\t\t<div class=\"elementor-element elementor-element-def9149 elementor-widget elementor-widget-text-editor\" data-id=\"def9149\" data-element_type=\"widget\" data-e-type=\"widget\" data-widget_type=\"text-editor.default\">\n\t\t\t\t\t\t\t\t\t<p>Palvelun karttapohjana toimivat Open Street Map karttatiilet ja osa palvelussa k\u00e4ytetyst\u00e4 tiedosta on laskettu hy\u00f6dynt\u00e4en Open Street Maps aineistoa.<\/p><p>L\u00e4hde: Open Street Map \u00a9 OpenStreetMap contributors. <a href=\"https:\/\/www.openstreetmap.org\/copyright\" target=\"_blank\" rel=\"noopener\">Lisenssi.<\/a><\/p>\t\t\t\t\t\t\t\t<\/div>\n\t\t\t\t<\/div>\n\t\t\t\t\t<\/details>\n\t\t\t\t\t\t<details id=\"e-n-accordion-item-4021\" class=\"e-n-accordion-item\" >\n\t\t\t\t<summary class=\"e-n-accordion-item-title\" data-accordion-index=\"2\" tabindex=\"-1\" aria-expanded=\"false\" aria-controls=\"e-n-accordion-item-4021\" >\n\t\t\t\t\t<span class='e-n-accordion-item-title-header'><div class=\"e-n-accordion-item-title-text\"> Palvelutietovaranto <\/div><\/span>\n\t\t\t\t\t\t\t<span class='e-n-accordion-item-title-icon'>\n\t\t\t<span class='e-opened' ><svg aria-hidden=\"true\" class=\"e-font-icon-svg e-fas-chevron-up\" viewBox=\"0 0 448 512\" xmlns=\"http:\/\/www.w3.org\/2000\/svg\"><path d=\"M240.971 130.524l194.343 194.343c9.373 9.373 9.373 24.569 0 33.941l-22.667 22.667c-9.357 9.357-24.522 9.375-33.901.04L224 227.495 69.255 381.516c-9.379 9.335-24.544 9.317-33.901-.04l-22.667-22.667c-9.373-9.373-9.373-24.569 0-33.941L207.03 130.525c9.372-9.373 24.568-9.373 33.941-.001z\"><\/path><\/svg><\/span>\n\t\t\t<span class='e-closed'><svg aria-hidden=\"true\" class=\"e-font-icon-svg e-fas-chevron-down\" viewBox=\"0 0 448 512\" xmlns=\"http:\/\/www.w3.org\/2000\/svg\"><path d=\"M207.029 381.476L12.686 187.132c-9.373-9.373-9.373-24.569 0-33.941l22.667-22.667c9.357-9.357 24.522-9.375 33.901-.04L224 284.505l154.745-154.021c9.379-9.335 24.544-9.317 33.901.04l22.667 22.667c9.373 9.373 9.373 24.569 0 33.941L240.971 381.476c-9.373 9.372-24.569 9.372-33.942 0z\"><\/path><\/svg><\/span>\n\t\t<\/span>\n\n\t\t\t\t\t\t<\/summary>\n\t\t\t\t<div role=\"region\" aria-labelledby=\"e-n-accordion-item-4021\" class=\"elementor-element elementor-element-71353da e-con-full e-flex e-con e-child\" data-id=\"71353da\" data-element_type=\"container\" data-e-type=\"container\">\n\t\t\t\t<div class=\"elementor-element elementor-element-9a2bf73 elementor-widget elementor-widget-text-editor\" data-id=\"9a2bf73\" data-element_type=\"widget\" data-e-type=\"widget\" data-widget_type=\"text-editor.default\">\n\t\t\t\t\t\t\t\t\t<p>Palvelussa k\u00e4ytet\u00e4\u00e4n kartta-aineistona Digi- ja V\u00e4est\u00f6tietoviraston Palvelutietovarannon paikkapiste-aineistoa.<\/p><p>L\u00e4hde: DVV<\/p>\t\t\t\t\t\t\t\t<\/div>\n\t\t\t\t<\/div>\n\t\t\t\t\t<\/details>\n\t\t\t\t\t\t<details id=\"e-n-accordion-item-4022\" class=\"e-n-accordion-item\" >\n\t\t\t\t<summary class=\"e-n-accordion-item-title\" data-accordion-index=\"3\" tabindex=\"-1\" aria-expanded=\"false\" aria-controls=\"e-n-accordion-item-4022\" >\n\t\t\t\t\t<span class='e-n-accordion-item-title-header'><div class=\"e-n-accordion-item-title-text\"> Leaflet karttaty\u00f6kalu <\/div><\/span>\n\t\t\t\t\t\t\t<span class='e-n-accordion-item-title-icon'>\n\t\t\t<span class='e-opened' ><svg aria-hidden=\"true\" class=\"e-font-icon-svg e-fas-chevron-up\" viewBox=\"0 0 448 512\" xmlns=\"http:\/\/www.w3.org\/2000\/svg\"><path d=\"M240.971 130.524l194.343 194.343c9.373 9.373 9.373 24.569 0 33.941l-22.667 22.667c-9.357 9.357-24.522 9.375-33.901.04L224 227.495 69.255 381.516c-9.379 9.335-24.544 9.317-33.901-.04l-22.667-22.667c-9.373-9.373-9.373-24.569 0-33.941L207.03 130.525c9.372-9.373 24.568-9.373 33.941-.001z\"><\/path><\/svg><\/span>\n\t\t\t<span class='e-closed'><svg aria-hidden=\"true\" class=\"e-font-icon-svg e-fas-chevron-down\" viewBox=\"0 0 448 512\" xmlns=\"http:\/\/www.w3.org\/2000\/svg\"><path d=\"M207.029 381.476L12.686 187.132c-9.373-9.373-9.373-24.569 0-33.941l22.667-22.667c9.357-9.357 24.522-9.375 33.901-.04L224 284.505l154.745-154.021c9.379-9.335 24.544-9.317 33.901.04l22.667 22.667c9.373 9.373 9.373 24.569 0 33.941L240.971 381.476c-9.373 9.372-24.569 9.372-33.942 0z\"><\/path><\/svg><\/span>\n\t\t<\/span>\n\n\t\t\t\t\t\t<\/summary>\n\t\t\t\t<div role=\"region\" aria-labelledby=\"e-n-accordion-item-4022\" class=\"elementor-element elementor-element-072f97b e-con-full e-flex e-con e-child\" data-id=\"072f97b\" data-element_type=\"container\" data-e-type=\"container\">\n\t\t\t\t<div class=\"elementor-element elementor-element-ce99793 elementor-widget elementor-widget-text-editor\" data-id=\"ce99793\" data-element_type=\"widget\" data-e-type=\"widget\" data-widget_type=\"text-editor.default\">\n\t\t\t\t\t\t\t\t\t<p>Copyright (c) 2010-2018, Vladimir Agafonkin Copyright (c) 2010-2011, CloudMade All rights reserved. Redistribution and use in source and binary forms, with or without modification, are permitted provided that the following conditions are met: 1. Redistributions of source code must retain the above copyright notice, this list of conditions and the following disclaimer. 2. Redistributions in binary form must reproduce the above copyright notice, this list of conditions and the following disclaimer in the documentation and\/or other materials provided with the distribution. THIS SOFTWARE IS PROVIDED BY THE COPYRIGHT HOLDERS AND CONTRIBUTORS &#8221;AS IS&#8221; AND ANY EXPRESS OR IMPLIED WARRANTIES, INCLUDING, BUT NOT LIMITED TO, THE IMPLIED WARRANTIES OF MERCHANTABILITY AND FITNESS FOR A PARTICULAR PURPOSE ARE DISCLAIMED. IN NO EVENT SHALL THE COPYRIGHT HOLDER OR CONTRIBUTORS BE LIABLE FOR ANY DIRECT, INDIRECT, INCIDENTAL, SPECIAL, EXEMPLARY, OR CONSEQUENTIAL DAMAGES (INCLUDING, BUT NOT LIMITED TO, PROCUREMENT OF SUBSTITUTE GOODS OR SERVICES; LOSS OF USE, DATA, OR PROFITS; OR BUSINESS INTERRUPTION) HOWEVER CAUSED AND ON ANY THEORY OF LIABILITY, WHETHER IN CONTRACT, STRICT LIABILITY, OR TORT (INCLUDING NEGLIGENCE OR OTHERWISE) ARISING IN ANY WAY OUT OF THE USE OF THIS SOFTWARE, EVEN IF ADVISED OF THE POSSIBILITY OF SUCH DAMAGE.<\/p>\t\t\t\t\t\t\t\t<\/div>\n\t\t\t\t<\/div>\n\t\t\t\t\t<\/details>\n\t\t\t\t\t<\/div>\n\t\t\t\t\t\t<\/div>\n\t\t\t\t<\/div>\n\t\t\t\t\t<\/div>\n\t\t\t\t<\/div>\n\t\t\t\t<\/div>\n\t\t","protected":false},"excerpt":{"rendered":"<p>Tietoa palvelusta Open Street Map Palvelun karttapohjana toimivat Open Street Map karttatiilet ja osa palvelussa k\u00e4ytetyst\u00e4 tiedosta on laskettu hy\u00f6dynt\u00e4en Open Street Maps aineistoa. L\u00e4hde: Open Street Map \u00a9 OpenStreetMap contributors. Lisenssi. Palvelutietovaranto Palvelussa k\u00e4ytet\u00e4\u00e4n kartta-aineistona Digi- ja V\u00e4est\u00f6tietoviraston Palvelutietovarannon paikkapiste-aineistoa. L\u00e4hde: DVV Leaflet karttaty\u00f6kalu Copyright (c) 2010-2018, Vladimir Agafonkin Copyright (c) 2010-2011, CloudMade All [&hellip;]<\/p>\n","protected":false},"author":1,"featured_media":0,"parent":2078,"menu_order":0,"comment_status":"closed","ping_status":"closed","template":"elementor_header_footer","meta":{"_acf_changed":false,"_glsr_average":0,"_glsr_ranking":0,"_glsr_reviews":0,"footnotes":""},"class_list":["post-2115","page","type-page","status-publish","hentry"],"acf":[],"yoast_head":"<!-- This site is optimized with the Yoast SEO plugin v27.4 - https:\/\/yoast.com\/product\/yoast-seo-wordpress\/ -->\n<title>Tietol\u00e4hteet ja lisenssit - Hoods.fi<\/title>\n<meta name=\"robots\" content=\"index, follow, max-snippet:-1, max-image-preview:large, max-video-preview:-1\" \/>\n<link rel=\"canonical\" href=\"https:\/\/hoods.fi\/fi\/info\/licenses\/\" \/>\n<meta property=\"og:locale\" content=\"fi_FI\" \/>\n<meta property=\"og:type\" content=\"article\" \/>\n<meta property=\"og:title\" content=\"Tietol\u00e4hteet ja lisenssit - Hoods.fi\" \/>\n<meta property=\"og:description\" content=\"Tietoa palvelusta Open Street Map Palvelun karttapohjana toimivat Open Street Map karttatiilet ja osa palvelussa k\u00e4ytetyst\u00e4 tiedosta on laskettu hy\u00f6dynt\u00e4en Open Street Maps aineistoa. L\u00e4hde: Open Street Map \u00a9 OpenStreetMap contributors. Lisenssi. Palvelutietovaranto Palvelussa k\u00e4ytet\u00e4\u00e4n kartta-aineistona Digi- ja V\u00e4est\u00f6tietoviraston Palvelutietovarannon paikkapiste-aineistoa. L\u00e4hde: DVV Leaflet karttaty\u00f6kalu Copyright (c) 2010-2018, Vladimir Agafonkin Copyright (c) 2010-2011, CloudMade All [&hellip;]\" \/>\n<meta property=\"og:url\" content=\"https:\/\/hoods.fi\/fi\/info\/licenses\/\" \/>\n<meta property=\"og:site_name\" content=\"Hoods.fi\" \/>\n<meta property=\"article:modified_time\" content=\"2026-02-15T11:16:39+00:00\" \/>\n<meta name=\"twitter:card\" content=\"summary_large_image\" \/>\n<meta name=\"twitter:label1\" content=\"Arvioitu lukuaika\" \/>\n\t<meta name=\"twitter:data1\" content=\"4 minuuttia\" \/>\n<script type=\"application\/ld+json\" class=\"yoast-schema-graph\">{\"@context\":\"https:\\\/\\\/schema.org\",\"@graph\":[{\"@type\":\"WebPage\",\"@id\":\"https:\\\/\\\/hoods.fi\\\/fi\\\/info\\\/licenses\\\/\",\"url\":\"https:\\\/\\\/hoods.fi\\\/fi\\\/info\\\/licenses\\\/\",\"name\":\"Tietol\u00e4hteet ja lisenssit - Hoods.fi\",\"isPartOf\":{\"@id\":\"https:\\\/\\\/hoods.fi\\\/fi\\\/#website\"},\"datePublished\":\"2025-12-28T10:48:38+00:00\",\"dateModified\":\"2026-02-15T11:16:39+00:00\",\"breadcrumb\":{\"@id\":\"https:\\\/\\\/hoods.fi\\\/fi\\\/info\\\/licenses\\\/#breadcrumb\"},\"inLanguage\":\"fi\",\"potentialAction\":[{\"@type\":\"ReadAction\",\"target\":[\"https:\\\/\\\/hoods.fi\\\/fi\\\/info\\\/licenses\\\/\"]}]},{\"@type\":\"BreadcrumbList\",\"@id\":\"https:\\\/\\\/hoods.fi\\\/fi\\\/info\\\/licenses\\\/#breadcrumb\",\"itemListElement\":[{\"@type\":\"ListItem\",\"position\":1,\"name\":\"Etusivu\",\"item\":\"https:\\\/\\\/hoods.fi\\\/fi\\\/\"},{\"@type\":\"ListItem\",\"position\":2,\"name\":\"Tietoa palvelusta\",\"item\":\"https:\\\/\\\/hoods.fi\\\/fi\\\/info\\\/\"},{\"@type\":\"ListItem\",\"position\":3,\"name\":\"Tietol\u00e4hteet ja lisenssit\"}]},{\"@type\":\"WebSite\",\"@id\":\"https:\\\/\\\/hoods.fi\\\/fi\\\/#website\",\"url\":\"https:\\\/\\\/hoods.fi\\\/fi\\\/\",\"name\":\"Hoods.fi\",\"description\":\"El&auml;m&auml;&auml; naapurustoissa\",\"publisher\":{\"@id\":\"https:\\\/\\\/hoods.fi\\\/fi\\\/#organization\"},\"potentialAction\":[{\"@type\":\"SearchAction\",\"target\":{\"@type\":\"EntryPoint\",\"urlTemplate\":\"https:\\\/\\\/hoods.fi\\\/fi\\\/?s={search_term_string}\"},\"query-input\":{\"@type\":\"PropertyValueSpecification\",\"valueRequired\":true,\"valueName\":\"search_term_string\"}}],\"inLanguage\":\"fi\"},{\"@type\":\"Organization\",\"@id\":\"https:\\\/\\\/hoods.fi\\\/fi\\\/#organization\",\"name\":\"Hoods.fi\",\"url\":\"https:\\\/\\\/hoods.fi\\\/fi\\\/\",\"logo\":{\"@type\":\"ImageObject\",\"inLanguage\":\"fi\",\"@id\":\"https:\\\/\\\/hoods.fi\\\/fi\\\/#\\\/schema\\\/logo\\\/image\\\/\",\"url\":\"https:\\\/\\\/hoods.fi\\\/wp-content\\\/uploads\\\/2025\\\/11\\\/hoods-uusi-logo.png\",\"contentUrl\":\"https:\\\/\\\/hoods.fi\\\/wp-content\\\/uploads\\\/2025\\\/11\\\/hoods-uusi-logo.png\",\"width\":500,\"height\":250,\"caption\":\"Hoods.fi\"},\"image\":{\"@id\":\"https:\\\/\\\/hoods.fi\\\/fi\\\/#\\\/schema\\\/logo\\\/image\\\/\"}}]}<\/script>\n<!-- \/ Yoast SEO plugin. -->","yoast_head_json":{"title":"Tietol\u00e4hteet ja lisenssit - Hoods.fi","robots":{"index":"index","follow":"follow","max-snippet":"max-snippet:-1","max-image-preview":"max-image-preview:large","max-video-preview":"max-video-preview:-1"},"canonical":"https:\/\/hoods.fi\/fi\/info\/licenses\/","og_locale":"fi_FI","og_type":"article","og_title":"Tietol\u00e4hteet ja lisenssit - Hoods.fi","og_description":"Tietoa palvelusta Open Street Map Palvelun karttapohjana toimivat Open Street Map karttatiilet ja osa palvelussa k\u00e4ytetyst\u00e4 tiedosta on laskettu hy\u00f6dynt\u00e4en Open Street Maps aineistoa. L\u00e4hde: Open Street Map \u00a9 OpenStreetMap contributors. Lisenssi. Palvelutietovaranto Palvelussa k\u00e4ytet\u00e4\u00e4n kartta-aineistona Digi- ja V\u00e4est\u00f6tietoviraston Palvelutietovarannon paikkapiste-aineistoa. L\u00e4hde: DVV Leaflet karttaty\u00f6kalu Copyright (c) 2010-2018, Vladimir Agafonkin Copyright (c) 2010-2011, CloudMade All [&hellip;]","og_url":"https:\/\/hoods.fi\/fi\/info\/licenses\/","og_site_name":"Hoods.fi","article_modified_time":"2026-02-15T11:16:39+00:00","twitter_card":"summary_large_image","twitter_misc":{"Arvioitu lukuaika":"4 minuuttia"},"schema":{"@context":"https:\/\/schema.org","@graph":[{"@type":"WebPage","@id":"https:\/\/hoods.fi\/fi\/info\/licenses\/","url":"https:\/\/hoods.fi\/fi\/info\/licenses\/","name":"Tietol\u00e4hteet ja lisenssit - Hoods.fi","isPartOf":{"@id":"https:\/\/hoods.fi\/fi\/#website"},"datePublished":"2025-12-28T10:48:38+00:00","dateModified":"2026-02-15T11:16:39+00:00","breadcrumb":{"@id":"https:\/\/hoods.fi\/fi\/info\/licenses\/#breadcrumb"},"inLanguage":"fi","potentialAction":[{"@type":"ReadAction","target":["https:\/\/hoods.fi\/fi\/info\/licenses\/"]}]},{"@type":"BreadcrumbList","@id":"https:\/\/hoods.fi\/fi\/info\/licenses\/#breadcrumb","itemListElement":[{"@type":"ListItem","position":1,"name":"Etusivu","item":"https:\/\/hoods.fi\/fi\/"},{"@type":"ListItem","position":2,"name":"Tietoa palvelusta","item":"https:\/\/hoods.fi\/fi\/info\/"},{"@type":"ListItem","position":3,"name":"Tietol\u00e4hteet ja lisenssit"}]},{"@type":"WebSite","@id":"https:\/\/hoods.fi\/fi\/#website","url":"https:\/\/hoods.fi\/fi\/","name":"Hoods.fi","description":"El&auml;m&auml;&auml; naapurustoissa","publisher":{"@id":"https:\/\/hoods.fi\/fi\/#organization"},"potentialAction":[{"@type":"SearchAction","target":{"@type":"EntryPoint","urlTemplate":"https:\/\/hoods.fi\/fi\/?s={search_term_string}"},"query-input":{"@type":"PropertyValueSpecification","valueRequired":true,"valueName":"search_term_string"}}],"inLanguage":"fi"},{"@type":"Organization","@id":"https:\/\/hoods.fi\/fi\/#organization","name":"Hoods.fi","url":"https:\/\/hoods.fi\/fi\/","logo":{"@type":"ImageObject","inLanguage":"fi","@id":"https:\/\/hoods.fi\/fi\/#\/schema\/logo\/image\/","url":"https:\/\/hoods.fi\/wp-content\/uploads\/2025\/11\/hoods-uusi-logo.png","contentUrl":"https:\/\/hoods.fi\/wp-content\/uploads\/2025\/11\/hoods-uusi-logo.png","width":500,"height":250,"caption":"Hoods.fi"},"image":{"@id":"https:\/\/hoods.fi\/fi\/#\/schema\/logo\/image\/"}}]}},"yoast_meta":{"yoast_wpseo_title":"","yoast_wpseo_metadesc":"","yoast_wpseo_canonical":""},"_links":{"self":[{"href":"https:\/\/hoods.fi\/fi\/wp-json\/wp\/v2\/pages\/2115","targetHints":{"allow":["GET"]}}],"collection":[{"href":"https:\/\/hoods.fi\/fi\/wp-json\/wp\/v2\/pages"}],"about":[{"href":"https:\/\/hoods.fi\/fi\/wp-json\/wp\/v2\/types\/page"}],"author":[{"embeddable":true,"href":"https:\/\/hoods.fi\/fi\/wp-json\/wp\/v2\/users\/1"}],"replies":[{"embeddable":true,"href":"https:\/\/hoods.fi\/fi\/wp-json\/wp\/v2\/comments?post=2115"}],"version-history":[{"count":16,"href":"https:\/\/hoods.fi\/fi\/wp-json\/wp\/v2\/pages\/2115\/revisions"}],"predecessor-version":[{"id":4088,"href":"https:\/\/hoods.fi\/fi\/wp-json\/wp\/v2\/pages\/2115\/revisions\/4088"}],"up":[{"embeddable":true,"href":"https:\/\/hoods.fi\/fi\/wp-json\/wp\/v2\/pages\/2078"}],"wp:attachment":[{"href":"https:\/\/hoods.fi\/fi\/wp-json\/wp\/v2\/media?parent=2115"}],"curies":[{"name":"wp","href":"https:\/\/api.w.org\/{rel}","templated":true}]}}