{"id":3403,"date":"2026-01-25T22:09:30","date_gmt":"2026-01-25T20:09:30","guid":{"rendered":"https:\/\/hoods.fi\/?page_id=3403"},"modified":"2026-02-23T11:14:20","modified_gmt":"2026-02-23T09:14:20","slug":"arvostele-kuntasi","status":"publish","type":"page","link":"https:\/\/hoods.fi\/fi\/arvostele-kuntasi\/","title":{"rendered":"Arvostele kuntasi"},"content":{"rendered":"\t\t<div data-elementor-type=\"wp-page\" data-elementor-id=\"3403\" class=\"elementor elementor-3403\" data-elementor-post-type=\"page\">\n\t\t\t\t<div class=\"elementor-element elementor-element-44b8487 e-flex e-con-boxed e-con e-parent\" data-id=\"44b8487\" data-element_type=\"container\" data-e-type=\"container\">\n\t\t\t\t\t<div class=\"e-con-inner\">\n\t\t\t\t<div class=\"elementor-element elementor-element-20825f3 elementor-widget elementor-widget-heading\" data-id=\"20825f3\" data-element_type=\"widget\" data-e-type=\"widget\" data-widget_type=\"heading.default\">\n\t\t\t\t\t<h2 class=\"elementor-heading-title elementor-size-default\">Arvostele kuntasi<\/h2>\t\t\t\t<\/div>\n\t\t\t\t<div class=\"elementor-element elementor-element-7a4e35c elementor-button-align-stretch elementor-widget elementor-widget-site_reviews_form\" data-id=\"7a4e35c\" data-element_type=\"widget\" data-e-type=\"widget\" data-widget_type=\"site_reviews_form.default\">\n\t\t\t\t<div class=\"elementor-widget-container\">\n\t\t\t\t\t<!--?xml encoding=\"utf-8\"?--><div class=\"glsr-elementor-7a4e35c elementor-site-reviews-form\"><div class=\"glsr glsr-default\" id=\"glsr_i1gs2shf\" data-from=\"elementor\" data-shortcode=\"site_reviews_form\" data-form=\"2912\"><div class=\"glsr-form-wrap\">\n    <form class=\"glsr-form glsr-form-responsive glsr-review-form\" method=\"post\" enctype=\"multipart\/form-data\">\n        <input type=\"hidden\" name=\"site-reviews[_action]\" value=\"submit-review\">\n<input type=\"hidden\" name=\"site-reviews[_nonce]\" value=\"6951184ab8\">\n<input type=\"hidden\" name=\"site-reviews[_post_id]\" value=\"3403\">\n<input type=\"hidden\" name=\"site-reviews[_referer]\" value=\"\">\n<input type=\"hidden\" name=\"site-reviews[assigned_posts]\" value=\"\">\n<input type=\"hidden\" name=\"site-reviews[assigned_users]\" value=\"\">\n<input type=\"hidden\" name=\"site-reviews[excluded]\" value=\"\">\n<input type=\"hidden\" name=\"site-reviews[form]\" value=\"2912\">\n<input type=\"hidden\" name=\"site-reviews[form_id]\" value=\"glsr_i1gs2shf\">\n<input type=\"hidden\" name=\"site-reviews[form_signature]\" value=\"YXHKTmTVM1tv9ppZQJ2Vrm6Nc61bJm-8NqyTAXZ8gVY37UYIhgZ0QCsWWFYNX9qAGkutwjHTLBOhDFBSep_OUqafz75D7uTFttVvR12myMMw9yl1dU1_s_U9Rlm4sKz5zbsJPw-qji9uXH3-RbY-T59pxIYGGjVaqNrRVKyQR3HumhR8lya9jhZS8Q57sQfN4qqEFTUXPwYMsjEolWD-NGjaGy-mKpofaiUFqgSyUJTp3L6dFqFtyPJ3LuKGtc_vWW7GTOu8LAER-bV5rES8ovKIcv0N6WgQlCCHnim-1cAQkJ_BRikvGOd3TkJl1Jd3JXSf8-mz7l1_W1fUCJIohispWJCmENAy8Q9dw8qEewYe0L9HDEXbeQwLuPBxM7RuVOmd08FpqG0xKEF9pjs32wPyKSKbWa-hEz_zI4Wnu_Guv_Z8kQ\">\n<input type=\"hidden\" name=\"site-reviews[terms_exist]\" value=\"1\">\n<div class=\"glsr-field\" style=\"display:none;\"><label for=\"site-reviews-f8fc67cb-glsr_i1gs2shf\">Your review<\/label><input type=\"text\" class=\"glsr-input glsr-input-text\" id=\"site-reviews-f8fc67cb-glsr_i1gs2shf\" name=\"site-reviews[f8fc67cb]\" value=\"\"><\/div>\n<div class=\"gl-col-100 glsr-field glsr-field-assigned_terms lg:gl-col-100 md:gl-col-100 xl:gl-col-100\" data-field=\"assigned_terms\" data-type=\"select\">\n    <label class=\"glsr-label\" for=\"glsr_i1gs2shf-assigned_terms\">\n    <span>Kunta<\/span>\n<\/label> \n    <select class=\"glsr-select\" id=\"glsr_i1gs2shf-assigned_terms\" name=\"site-reviews[assigned_terms]\"><option value=\"189\">Aura<\/option><option value=\"200\">Eura<\/option><option value=\"199\">Huittinen<\/option><option value=\"190\">Kaarina<\/option><option value=\"191\">Lieto<\/option><option value=\"192\">Masku<\/option><option value=\"193\">Naantali<\/option><option value=\"194\">Paimio<\/option><option value=\"195\">P\u00f6yty\u00e4<\/option><option value=\"196\">Raisio<\/option><option value=\"198\">Sauvo<\/option><option value=\"197\">Turku<\/option><\/select>\n    <div class=\"glsr-field-error\"><\/div>\n<\/div>\n<div class=\"gl-col-100 glsr-field glsr-field-text lg:gl-col-100 md:gl-col-100 xl:gl-col-100\" data-field=\"area\" data-type=\"text\">\n    <label class=\"glsr-label\" for=\"glsr_i1gs2shf-area\">\n    <span>Asuinalue tai naapurusto<\/span>\n<\/label> \n    <input type=\"text\" class=\"glsr-input glsr-input-text\" id=\"glsr_i1gs2shf-area\" name=\"site-reviews[area]\" value=\"\">\n    <div class=\"glsr-field-error\"><\/div>\n<\/div>\n<div class=\"gl-col-100 glsr-field glsr-field-text glsr-required lg:gl-col-100 md:gl-col-100 xl:gl-col-100\" data-field=\"title\" data-type=\"text\">\n    <label class=\"glsr-label\" for=\"glsr_i1gs2shf-title\">\n    <span>Arvostelun otsikko<\/span>\n<\/label> \n    <input type=\"text\" class=\"glsr-input glsr-input-text\" id=\"glsr_i1gs2shf-title\" name=\"site-reviews[title]\" required value=\"\">\n    <div class=\"glsr-field-error\"><\/div>\n<\/div>\n<div class=\"gl-col-100 glsr-field glsr-field-rating glsr-required lg:gl-col-100 md:gl-col-100 xl:gl-col-100\" data-field=\"rating\" data-type=\"rating\">\n    <label class=\"glsr-label\" for=\"glsr_i1gs2shf-rating\">\n    <span>Yleinen arvosana<\/span>\n<\/label> \n    <select class=\"browser-default disable-select glsr-select no-wrap no_wrap\" id=\"glsr_i1gs2shf-rating\" name=\"site-reviews[rating]\" required><option value=\"\">Select a Rating<\/option><option value=\"5\">5 Stars<\/option><option value=\"4\">4 Stars<\/option><option value=\"3\">3 Stars<\/option><option value=\"2\">2 Stars<\/option><option value=\"1\">1 Star<\/option><\/select>\n    <div class=\"glsr-field-error\"><\/div>\n<\/div>\n<div class=\"gl-col-100 glsr-field glsr-field-textarea glsr-required lg:gl-col-100 md:gl-col-100 xl:gl-col-100\" data-field=\"content\" data-type=\"textarea\">\n    <label class=\"glsr-label\" for=\"glsr_i1gs2shf-content\">\n    <span>Arvosteluteksti<\/span>\n<\/label> \n    <textarea class=\"glsr-textarea\" id=\"glsr_i1gs2shf-content\" name=\"site-reviews[content]\" required rows=\"5\"><\/textarea>\n    <div class=\"glsr-field-error\"><\/div>\n<\/div>\n<div class=\"gl-col-100 glsr-field glsr-field-text glsr-required lg:gl-col-100 md:gl-col-100 xl:gl-col-100\" data-field=\"name\" data-type=\"text\">\n    <label class=\"glsr-label\" for=\"glsr_i1gs2shf-name\">\n    <span>Nimesi tai nimimerkkisi<\/span>\n<\/label> \n    <input type=\"text\" class=\"glsr-input glsr-input-text\" id=\"glsr_i1gs2shf-name\" name=\"site-reviews[name]\" required value=\"\">\n    <div class=\"glsr-field-error\"><\/div>\n<\/div>\n<div class=\"gl-col-100 glsr-field glsr-field-email glsr-required lg:gl-col-100 md:gl-col-100 xl:gl-col-100\" data-field=\"email\" data-type=\"email\">\n    <label class=\"glsr-label\" for=\"glsr_i1gs2shf-email\">\n    <span>S\u00e4hk\u00f6postiosoitteesi<\/span>\n<\/label> \n    <input type=\"email\" class=\"glsr-input glsr-input-email\" id=\"glsr_i1gs2shf-email\" name=\"site-reviews[email]\" required value=\"\">\n    <div class=\"glsr-field-error\"><\/div>\n<\/div>\n<div class=\"gl-col-100 glsr-field glsr-field-dropzone lg:gl-col-100 md:gl-col-100 xl:gl-col-100\" data-field=\"images\" data-type=\"dropzone\">\n    <label class=\"glsr-label\" for=\"glsr_i1gs2shf-images\">\n    <span>Kuvia asuinalueestasi<\/span>\n<\/label> \n    <span class=\"glsr-dropzone glsr-span\" id=\"glsr_i1gs2shf-images\"><input type=\"hidden\" data-dz-images=\"1\" data-glsr-validate=\"1\" name=\"site-reviews[images]\" value=\"\"><span class=\"glsr-fallback\" style=\"display:none;\">\n    <input type=\"file\" multiple name=\"files\" accept=\"image\/jpeg,image\/png,image\/webp\">\n<\/span>\n<span class=\"glsr-dz-message dz-message\">\n    <button type=\"button\" class=\"glsr-dz-button dz-button\">\n        Drag &amp; Drop your photos or <span>Browse<\/span>    <\/button>\n<\/span><\/span>\n    <div class=\"glsr-field-error\"><\/div>\n<\/div>\n<div class=\"gl-col-100 glsr-field glsr-field-choice glsr-required lg:gl-col-100 md:gl-col-100 xl:gl-col-100\" data-field=\"terms\" data-type=\"toggle\">\n     \n    <div class=\"glsr-field-subgroup\">\n        <span class=\"glsr-field-toggle\">\n    <span>\n        <span class=\"glsr-toggle\"><input type=\"checkbox\" class=\"glsr-input-toggle\" id=\"glsr_i1gs2shf-terms-1\" name=\"site-reviews[terms]\" required value=\"1\"><span class=\"glsr-toggle-track\"><\/span><\/span>\n    <\/span>\n    <label for=\"glsr_i1gs2shf-terms-1\">T\u00e4m\u00e4 arvostelu perustuu omiin kokemuksiini ja on aito mielipiteeni.<\/label>\n<\/span>\n    <\/div>\n    <div class=\"glsr-field-error\"><\/div>\n<\/div>\n        <div class=\"glsr-form-message\">\n    \n<\/div>\n        <div data-field=\"submit-button\">\n    <div class=\"wp-block-buttons is-layout-flex\">\n        <div class=\"wp-block-button\">\n            <button type=\"submit\" class=\"glsr-button wp-block-button__link wp-element-button\" aria-busy=\"false\" data-loading=\"Submitting, please wait...\">L\u00e4het\u00e4 arvostelu<\/button>\n        <\/div>\n    <\/div>\n<\/div><div class=\"glsr-captcha-holder\"><\/div>\n    <\/form>\n<\/div><\/div><\/div>\n\t\t\t\t<\/div>\n\t\t\t\t<\/div>\n\t\t\t\t\t<\/div>\n\t\t\t\t<\/div>\n\t\t\t\t<\/div>\n\t\t","protected":false},"excerpt":{"rendered":"<p>Arvostele kuntasi Your review Kunta AuraKaarinaLietoMaskuNaantaliPaimioP\u00f6yty\u00e4RaisioTurku Asuinalue tai naapurusto Arvostelun otsikko Yleinen arvosana Select a Rating5 Stars4 Stars3 Stars2 Stars1 Star Arvosteluteksti Nimesi tai nimimerkkisi S\u00e4hk\u00f6postiosoitteesi Kuvia asuinalueestasi Drag &amp; Drop your photos or Browse This review is based on my own experience and is my genuine opinion. \u200b Submit Review<\/p>\n","protected":false},"author":3,"featured_media":3794,"parent":0,"menu_order":0,"comment_status":"closed","ping_status":"closed","template":"","meta":{"_acf_changed":false,"_glsr_average":0,"_glsr_ranking":0,"_glsr_reviews":0,"footnotes":""},"class_list":["post-3403","page","type-page","status-publish","has-post-thumbnail","hentry"],"acf":[],"yoast_head":"<!-- This site is optimized with the Yoast SEO plugin v27.4 - https:\/\/yoast.com\/product\/yoast-seo-wordpress\/ -->\n<title>Arvostele kuntasi - Hoods.fi<\/title>\n<meta name=\"description\" content=\"Millaista on asua kunnassa X? Lue asukkaiden aitoja kokemuksia omista asuinpaikoistaan tai arvostele oma kuntasi.\" \/>\n<meta name=\"robots\" content=\"index, follow, max-snippet:-1, max-image-preview:large, max-video-preview:-1\" \/>\n<link rel=\"canonical\" href=\"https:\/\/hoods.fi\/fi\/arvostele-kuntasi\/\" \/>\n<meta property=\"og:locale\" content=\"fi_FI\" \/>\n<meta property=\"og:type\" content=\"article\" \/>\n<meta property=\"og:title\" content=\"Arvostele asuinpaikkasi - Hoods.fi\" \/>\n<meta property=\"og:description\" content=\"Millaista on asua kunnassa X? Lue asukkaiden aitoja kokemuksia omista asuinpaikoistaan tai arvostele oma kuntasi.\" \/>\n<meta property=\"og:url\" content=\"https:\/\/hoods.fi\/fi\/arvostele-kuntasi\/\" \/>\n<meta property=\"og:site_name\" content=\"Hoods.fi\" \/>\n<meta property=\"article:modified_time\" content=\"2026-02-23T09:14:20+00:00\" \/>\n<meta property=\"og:image\" content=\"https:\/\/hoods.fi\/wp-content\/uploads\/2026\/02\/turku_pohjola_puutaloja_cyf-1024x537-1.jpg\" \/>\n\t<meta property=\"og:image:width\" content=\"1024\" \/>\n\t<meta property=\"og:image:height\" content=\"537\" \/>\n\t<meta property=\"og:image:type\" content=\"image\/jpeg\" \/>\n<meta name=\"twitter:card\" content=\"summary_large_image\" \/>\n<meta name=\"twitter:title\" content=\"Arvostele asuinpaikkasi - Hoods.fi\" \/>\n<meta name=\"twitter:description\" content=\"Millaista on asua kunnassa X? Lue asukkaiden aitoja kokemuksia omista asuinpaikoistaan tai arvostele oma kuntasi.\" \/>\n<meta name=\"twitter:image\" content=\"https:\/\/hoods.fi\/wp-content\/uploads\/2026\/02\/turku_pohjola_puutaloja_cyf-1024x537-1.jpg\" \/>\n<meta name=\"twitter:label1\" content=\"Arvioitu lukuaika\" \/>\n\t<meta name=\"twitter:data1\" content=\"1 minuutti\" \/>\n<script type=\"application\/ld+json\" class=\"yoast-schema-graph\">{\"@context\":\"https:\\\/\\\/schema.org\",\"@graph\":[{\"@type\":\"WebPage\",\"@id\":\"https:\\\/\\\/hoods.fi\\\/fi\\\/arvostele-kuntasi\\\/\",\"url\":\"https:\\\/\\\/hoods.fi\\\/fi\\\/arvostele-kuntasi\\\/\",\"name\":\"Arvostele kuntasi - Hoods.fi\",\"isPartOf\":{\"@id\":\"https:\\\/\\\/hoods.fi\\\/fi\\\/#website\"},\"primaryImageOfPage\":{\"@id\":\"https:\\\/\\\/hoods.fi\\\/fi\\\/arvostele-kuntasi\\\/#primaryimage\"},\"image\":{\"@id\":\"https:\\\/\\\/hoods.fi\\\/fi\\\/arvostele-kuntasi\\\/#primaryimage\"},\"thumbnailUrl\":\"https:\\\/\\\/hoods.fi\\\/wp-content\\\/uploads\\\/2026\\\/02\\\/turku_pohjola_puutaloja_cyf-1024x537-1.jpg\",\"datePublished\":\"2026-01-25T20:09:30+00:00\",\"dateModified\":\"2026-02-23T09:14:20+00:00\",\"description\":\"Millaista on asua kunnassa X? Lue asukkaiden aitoja kokemuksia omista asuinpaikoistaan tai arvostele oma kuntasi.\",\"breadcrumb\":{\"@id\":\"https:\\\/\\\/hoods.fi\\\/fi\\\/arvostele-kuntasi\\\/#breadcrumb\"},\"inLanguage\":\"fi\",\"potentialAction\":[{\"@type\":\"ReadAction\",\"target\":[\"https:\\\/\\\/hoods.fi\\\/fi\\\/arvostele-kuntasi\\\/\"]}]},{\"@type\":\"ImageObject\",\"inLanguage\":\"fi\",\"@id\":\"https:\\\/\\\/hoods.fi\\\/fi\\\/arvostele-kuntasi\\\/#primaryimage\",\"url\":\"https:\\\/\\\/hoods.fi\\\/wp-content\\\/uploads\\\/2026\\\/02\\\/turku_pohjola_puutaloja_cyf-1024x537-1.jpg\",\"contentUrl\":\"https:\\\/\\\/hoods.fi\\\/wp-content\\\/uploads\\\/2026\\\/02\\\/turku_pohjola_puutaloja_cyf-1024x537-1.jpg\",\"width\":1024,\"height\":537,\"caption\":\"V\u00e4rikk\u00e4it\u00e4 puutaloja Turun Pohjolassa.\"},{\"@type\":\"BreadcrumbList\",\"@id\":\"https:\\\/\\\/hoods.fi\\\/fi\\\/arvostele-kuntasi\\\/#breadcrumb\",\"itemListElement\":[{\"@type\":\"ListItem\",\"position\":1,\"name\":\"Etusivu\",\"item\":\"https:\\\/\\\/hoods.fi\\\/fi\\\/\"},{\"@type\":\"ListItem\",\"position\":2,\"name\":\"Arvostele kuntasi\"}]},{\"@type\":\"WebSite\",\"@id\":\"https:\\\/\\\/hoods.fi\\\/fi\\\/#website\",\"url\":\"https:\\\/\\\/hoods.fi\\\/fi\\\/\",\"name\":\"Hoods.fi\",\"description\":\"El&auml;m&auml;&auml; naapurustoissa\",\"publisher\":{\"@id\":\"https:\\\/\\\/hoods.fi\\\/fi\\\/#organization\"},\"potentialAction\":[{\"@type\":\"SearchAction\",\"target\":{\"@type\":\"EntryPoint\",\"urlTemplate\":\"https:\\\/\\\/hoods.fi\\\/fi\\\/?s={search_term_string}\"},\"query-input\":{\"@type\":\"PropertyValueSpecification\",\"valueRequired\":true,\"valueName\":\"search_term_string\"}}],\"inLanguage\":\"fi\"},{\"@type\":\"Organization\",\"@id\":\"https:\\\/\\\/hoods.fi\\\/fi\\\/#organization\",\"name\":\"Hoods.fi\",\"url\":\"https:\\\/\\\/hoods.fi\\\/fi\\\/\",\"logo\":{\"@type\":\"ImageObject\",\"inLanguage\":\"fi\",\"@id\":\"https:\\\/\\\/hoods.fi\\\/fi\\\/#\\\/schema\\\/logo\\\/image\\\/\",\"url\":\"https:\\\/\\\/hoods.fi\\\/wp-content\\\/uploads\\\/2025\\\/11\\\/hoods-uusi-logo.png\",\"contentUrl\":\"https:\\\/\\\/hoods.fi\\\/wp-content\\\/uploads\\\/2025\\\/11\\\/hoods-uusi-logo.png\",\"width\":500,\"height\":250,\"caption\":\"Hoods.fi\"},\"image\":{\"@id\":\"https:\\\/\\\/hoods.fi\\\/fi\\\/#\\\/schema\\\/logo\\\/image\\\/\"}}]}<\/script>\n<!-- \/ Yoast SEO plugin. -->","yoast_head_json":{"title":"Arvostele kuntasi - Hoods.fi","description":"Millaista on asua kunnassa X? Lue asukkaiden aitoja kokemuksia omista asuinpaikoistaan tai arvostele oma kuntasi.","robots":{"index":"index","follow":"follow","max-snippet":"max-snippet:-1","max-image-preview":"max-image-preview:large","max-video-preview":"max-video-preview:-1"},"canonical":"https:\/\/hoods.fi\/fi\/arvostele-kuntasi\/","og_locale":"fi_FI","og_type":"article","og_title":"Arvostele asuinpaikkasi - Hoods.fi","og_description":"Millaista on asua kunnassa X? Lue asukkaiden aitoja kokemuksia omista asuinpaikoistaan tai arvostele oma kuntasi.","og_url":"https:\/\/hoods.fi\/fi\/arvostele-kuntasi\/","og_site_name":"Hoods.fi","article_modified_time":"2026-02-23T09:14:20+00:00","og_image":[{"width":1024,"height":537,"url":"https:\/\/hoods.fi\/wp-content\/uploads\/2026\/02\/turku_pohjola_puutaloja_cyf-1024x537-1.jpg","type":"image\/jpeg"}],"twitter_card":"summary_large_image","twitter_title":"Arvostele asuinpaikkasi - Hoods.fi","twitter_description":"Millaista on asua kunnassa X? Lue asukkaiden aitoja kokemuksia omista asuinpaikoistaan tai arvostele oma kuntasi.","twitter_image":"https:\/\/hoods.fi\/wp-content\/uploads\/2026\/02\/turku_pohjola_puutaloja_cyf-1024x537-1.jpg","twitter_misc":{"Arvioitu lukuaika":"1 minuutti"},"schema":{"@context":"https:\/\/schema.org","@graph":[{"@type":"WebPage","@id":"https:\/\/hoods.fi\/fi\/arvostele-kuntasi\/","url":"https:\/\/hoods.fi\/fi\/arvostele-kuntasi\/","name":"Arvostele kuntasi - Hoods.fi","isPartOf":{"@id":"https:\/\/hoods.fi\/fi\/#website"},"primaryImageOfPage":{"@id":"https:\/\/hoods.fi\/fi\/arvostele-kuntasi\/#primaryimage"},"image":{"@id":"https:\/\/hoods.fi\/fi\/arvostele-kuntasi\/#primaryimage"},"thumbnailUrl":"https:\/\/hoods.fi\/wp-content\/uploads\/2026\/02\/turku_pohjola_puutaloja_cyf-1024x537-1.jpg","datePublished":"2026-01-25T20:09:30+00:00","dateModified":"2026-02-23T09:14:20+00:00","description":"Millaista on asua kunnassa X? Lue asukkaiden aitoja kokemuksia omista asuinpaikoistaan tai arvostele oma kuntasi.","breadcrumb":{"@id":"https:\/\/hoods.fi\/fi\/arvostele-kuntasi\/#breadcrumb"},"inLanguage":"fi","potentialAction":[{"@type":"ReadAction","target":["https:\/\/hoods.fi\/fi\/arvostele-kuntasi\/"]}]},{"@type":"ImageObject","inLanguage":"fi","@id":"https:\/\/hoods.fi\/fi\/arvostele-kuntasi\/#primaryimage","url":"https:\/\/hoods.fi\/wp-content\/uploads\/2026\/02\/turku_pohjola_puutaloja_cyf-1024x537-1.jpg","contentUrl":"https:\/\/hoods.fi\/wp-content\/uploads\/2026\/02\/turku_pohjola_puutaloja_cyf-1024x537-1.jpg","width":1024,"height":537,"caption":"V\u00e4rikk\u00e4it\u00e4 puutaloja Turun Pohjolassa."},{"@type":"BreadcrumbList","@id":"https:\/\/hoods.fi\/fi\/arvostele-kuntasi\/#breadcrumb","itemListElement":[{"@type":"ListItem","position":1,"name":"Etusivu","item":"https:\/\/hoods.fi\/fi\/"},{"@type":"ListItem","position":2,"name":"Arvostele kuntasi"}]},{"@type":"WebSite","@id":"https:\/\/hoods.fi\/fi\/#website","url":"https:\/\/hoods.fi\/fi\/","name":"Hoods.fi","description":"El&auml;m&auml;&auml; naapurustoissa","publisher":{"@id":"https:\/\/hoods.fi\/fi\/#organization"},"potentialAction":[{"@type":"SearchAction","target":{"@type":"EntryPoint","urlTemplate":"https:\/\/hoods.fi\/fi\/?s={search_term_string}"},"query-input":{"@type":"PropertyValueSpecification","valueRequired":true,"valueName":"search_term_string"}}],"inLanguage":"fi"},{"@type":"Organization","@id":"https:\/\/hoods.fi\/fi\/#organization","name":"Hoods.fi","url":"https:\/\/hoods.fi\/fi\/","logo":{"@type":"ImageObject","inLanguage":"fi","@id":"https:\/\/hoods.fi\/fi\/#\/schema\/logo\/image\/","url":"https:\/\/hoods.fi\/wp-content\/uploads\/2025\/11\/hoods-uusi-logo.png","contentUrl":"https:\/\/hoods.fi\/wp-content\/uploads\/2025\/11\/hoods-uusi-logo.png","width":500,"height":250,"caption":"Hoods.fi"},"image":{"@id":"https:\/\/hoods.fi\/fi\/#\/schema\/logo\/image\/"}}]}},"yoast_meta":{"yoast_wpseo_title":"","yoast_wpseo_metadesc":"","yoast_wpseo_canonical":""},"_links":{"self":[{"href":"https:\/\/hoods.fi\/fi\/wp-json\/wp\/v2\/pages\/3403","targetHints":{"allow":["GET"]}}],"collection":[{"href":"https:\/\/hoods.fi\/fi\/wp-json\/wp\/v2\/pages"}],"about":[{"href":"https:\/\/hoods.fi\/fi\/wp-json\/wp\/v2\/types\/page"}],"author":[{"embeddable":true,"href":"https:\/\/hoods.fi\/fi\/wp-json\/wp\/v2\/users\/3"}],"replies":[{"embeddable":true,"href":"https:\/\/hoods.fi\/fi\/wp-json\/wp\/v2\/comments?post=3403"}],"version-history":[{"count":10,"href":"https:\/\/hoods.fi\/fi\/wp-json\/wp\/v2\/pages\/3403\/revisions"}],"predecessor-version":[{"id":6222,"href":"https:\/\/hoods.fi\/fi\/wp-json\/wp\/v2\/pages\/3403\/revisions\/6222"}],"wp:featuredmedia":[{"embeddable":true,"href":"https:\/\/hoods.fi\/fi\/wp-json\/wp\/v2\/media\/3794"}],"wp:attachment":[{"href":"https:\/\/hoods.fi\/fi\/wp-json\/wp\/v2\/media?parent=3403"}],"curies":[{"name":"wp","href":"https:\/\/api.w.org\/{rel}","templated":true}]}}